{"id":779,"date":"2022-06-20T18:42:12","date_gmt":"2022-06-20T18:42:12","guid":{"rendered":"https:\/\/live-stop-corporate-greed-in-florida.pantheonsite.io\/?page_id=779"},"modified":"2022-06-20T18:44:35","modified_gmt":"2022-06-20T18:44:35","slug":"juneteenth","status":"publish","type":"page","link":"https:\/\/www.stopcorporategreedfl.com\/ht\/juneteenth\/","title":{"rendered":"Selebre Juneteenth nan Florid"},"content":{"rendered":"<div data-elementor-type=\"wp-page\" data-elementor-id=\"779\" class=\"elementor elementor-779\" data-elementor-post-type=\"page\">\n\t\t\t\t\t\t<section class=\"elementor-section elementor-top-section elementor-element elementor-element-205854a elementor-section-boxed elementor-section-height-default elementor-section-height-default\" data-id=\"205854a\" data-element_type=\"section\">\n\t\t\t\t\t\t<div class=\"elementor-container elementor-column-gap-default\">\n\t\t\t\t\t<div class=\"elementor-column elementor-col-100 elementor-top-column elementor-element elementor-element-b69f6bd\" data-id=\"b69f6bd\" data-element_type=\"column\">\n\t\t\t<div class=\"elementor-widget-wrap elementor-element-populated\">\n\t\t\t\t\t\t<div class=\"elementor-element elementor-element-4a2a030 elementor-widget elementor-widget-text-editor\" data-id=\"4a2a030\" data-element_type=\"widget\" data-widget_type=\"text-editor.default\">\n\t\t\t\t<div class=\"elementor-widget-container\">\n\t\t\t\t\t\t\t\t\t<p>Selebre Juneteenth l\u00e8 w aprann plis sou Chemen nou an pou Pouvwa a. Jwenn b\u00e8l bagay pou w achte. Mennen zanmi w yo epi rantre nan nou pou nou ogmante pouvwa w l\u00e8 w patisipe nan ev\u00e8nman Juneteenth yo atrav\u00e8 eta a!<\/p>\t\t\t\t\t\t\t\t<\/div>\n\t\t\t\t<\/div>\n\t\t\t\t<div class=\"elementor-element elementor-element-8f9edb6 elementor-widget elementor-widget-html\" data-id=\"8f9edb6\" data-element_type=\"widget\" data-widget_type=\"html.default\">\n\t\t\t\t<div class=\"elementor-widget-container\">\n\t\t\t\t\t<link rel='preload' href='https:\/\/static.everyaction.com\/ea-actiontag\/at.js' as='script' crossorigin='anonymous'>\n <link rel='preload' href='https:\/\/static.everyaction.com\/ea-actiontag\/at.min.css' as='style'>\n <script type='text\/javascript' src='https:\/\/static.everyaction.com\/ea-actiontag\/at.js' crossorigin='anonymous'><\/script>\n <div class=\"ngp-form\"\n     data-form-url=\"https:\/\/secure.everyaction.com\/v1\/Forms\/FO1I6E_LykaDwkpLYC2thg2\"\n     data-fastaction-endpoint=\"https:\/\/fastaction.ngpvan.com\"\n     data-inline-errors=\"true\"\n     data-fastaction-nologin=\"true\"\n     data-databag-endpoint=\"https:\/\/profile.ngpvan.com\"\n     data-databag=\"everybody\"\n          data-mobile-autofocus=\"false\">\n<\/div>\t\t\t\t<\/div>\n\t\t\t\t<\/div>\n\t\t\t\t\t<\/div>\n\t\t<\/div>\n\t\t\t\t\t<\/div>\n\t\t<\/section>\n\t\t\t\t<\/div>","protected":false},"excerpt":{"rendered":"<p>Selebre Juneteenth l\u00e8 w aprann plis sou Chemen nou an pou Pouvwa a. Jwenn b\u00e8l bagay pou w achte. Mennen zanmi w yo epi rantre nan nou pou nou ogmante pouvwa w l\u00e8 w patisipe nan ev\u00e8nman Juneteenth yo atrav\u00e8 eta a!<\/p>","protected":false},"author":1,"featured_media":0,"parent":0,"menu_order":0,"comment_status":"closed","ping_status":"closed","template":"","meta":{"footnotes":""},"categories":[],"tags":[],"class_list":["post-779","page","type-page","status-publish","hentry"],"yoast_head":"<!-- This site is optimized with the Yoast SEO plugin v26.1.1 - https:\/\/yoast.com\/wordpress\/plugins\/seo\/ -->\n<title>Celebrating Juneteenth In Florida - Stop Corporate Greed In Florida<\/title>\n<meta name=\"robots\" content=\"index, follow, max-snippet:-1, max-image-preview:large, max-video-preview:-1\" \/>\n<link rel=\"canonical\" href=\"https:\/\/www.stopcorporategreedfl.com\/ht\/juneteenth\/\" \/>\n<meta property=\"og:locale\" content=\"ht_HT\" \/>\n<meta property=\"og:type\" content=\"article\" \/>\n<meta property=\"og:title\" content=\"Celebrating Juneteenth In Florida - Stop Corporate Greed In Florida\" \/>\n<meta property=\"og:description\" content=\"Celebrate Juneteenth by learning about our Path to Power. Get cool swag. Bring your friends and join us in building power by hotspotting at Juneteenth events across the state!\" \/>\n<meta property=\"og:url\" content=\"https:\/\/www.stopcorporategreedfl.com\/ht\/juneteenth\/\" \/>\n<meta property=\"og:site_name\" content=\"Stop Corporate Greed In Florida\" \/>\n<meta property=\"article:modified_time\" content=\"2022-06-20T18:44:35+00:00\" \/>\n<meta property=\"og:image\" content=\"https:\/\/www.stopcorporategreedfl.com\/wp-content\/uploads\/2022\/06\/juneteenth.jpeg\" \/>\n\t<meta property=\"og:image:width\" content=\"1024\" \/>\n\t<meta property=\"og:image:height\" content=\"539\" \/>\n\t<meta property=\"og:image:type\" content=\"image\/jpeg\" \/>\n<meta name=\"twitter:card\" content=\"summary_large_image\" \/>\n<meta name=\"twitter:image\" content=\"https:\/\/www.stopcorporategreedfl.com\/wp-content\/uploads\/2022\/06\/juneteenth.jpeg\" \/>\n<meta name=\"twitter:label1\" content=\"Est. reading time\" \/>\n\t<meta name=\"twitter:data1\" content=\"1 minute\" \/>\n<script type=\"application\/ld+json\" class=\"yoast-schema-graph\">{\"@context\":\"https:\/\/schema.org\",\"@graph\":[{\"@type\":\"WebPage\",\"@id\":\"https:\/\/www.stopcorporategreedfl.com\/juneteenth\/\",\"url\":\"https:\/\/www.stopcorporategreedfl.com\/juneteenth\/\",\"name\":\"Celebrating Juneteenth In Florida - Stop Corporate Greed In Florida\",\"isPartOf\":{\"@id\":\"https:\/\/www.stopcorporategreedfl.com\/#website\"},\"datePublished\":\"2022-06-20T18:42:12+00:00\",\"dateModified\":\"2022-06-20T18:44:35+00:00\",\"breadcrumb\":{\"@id\":\"https:\/\/www.stopcorporategreedfl.com\/juneteenth\/#breadcrumb\"},\"inLanguage\":\"ht\",\"potentialAction\":[{\"@type\":\"ReadAction\",\"target\":[\"https:\/\/www.stopcorporategreedfl.com\/juneteenth\/\"]}]},{\"@type\":\"BreadcrumbList\",\"@id\":\"https:\/\/www.stopcorporategreedfl.com\/juneteenth\/#breadcrumb\",\"itemListElement\":[{\"@type\":\"ListItem\",\"position\":1,\"name\":\"Home\",\"item\":\"https:\/\/www.stopcorporategreedfl.com\/\"},{\"@type\":\"ListItem\",\"position\":2,\"name\":\"Celebrating Juneteenth In Florida\"}]},{\"@type\":\"WebSite\",\"@id\":\"https:\/\/www.stopcorporategreedfl.com\/#website\",\"url\":\"https:\/\/www.stopcorporategreedfl.com\/\",\"name\":\"Stop Corporate Greed In Florida\",\"description\":\"\",\"publisher\":{\"@id\":\"https:\/\/www.stopcorporategreedfl.com\/#organization\"},\"potentialAction\":[{\"@type\":\"SearchAction\",\"target\":{\"@type\":\"EntryPoint\",\"urlTemplate\":\"https:\/\/www.stopcorporategreedfl.com\/?s={search_term_string}\"},\"query-input\":{\"@type\":\"PropertyValueSpecification\",\"valueRequired\":true,\"valueName\":\"search_term_string\"}}],\"inLanguage\":\"ht\"},{\"@type\":\"Organization\",\"@id\":\"https:\/\/www.stopcorporategreedfl.com\/#organization\",\"name\":\"Stop Corporate Greed In Florida\",\"url\":\"https:\/\/www.stopcorporategreedfl.com\/\",\"logo\":{\"@type\":\"ImageObject\",\"inLanguage\":\"ht\",\"@id\":\"https:\/\/www.stopcorporategreedfl.com\/#\/schema\/logo\/image\/\",\"url\":\"https:\/\/live-stop-corporate-greed-in-florida.pantheonsite.io\/wp-content\/uploads\/2022\/04\/best-leg-social.jpg\",\"contentUrl\":\"https:\/\/live-stop-corporate-greed-in-florida.pantheonsite.io\/wp-content\/uploads\/2022\/04\/best-leg-social.jpg\",\"width\":1200,\"height\":630,\"caption\":\"Stop Corporate Greed In Florida\"},\"image\":{\"@id\":\"https:\/\/www.stopcorporategreedfl.com\/#\/schema\/logo\/image\/\"}}]}<\/script>\n<!-- \/ Yoast SEO plugin. -->","yoast_head_json":{"title":"Selebre Juneteenth nan Florid - Sispann avidite antrepriz nan Florid","robots":{"index":"index","follow":"follow","max-snippet":"max-snippet:-1","max-image-preview":"max-image-preview:large","max-video-preview":"max-video-preview:-1"},"canonical":"https:\/\/www.stopcorporategreedfl.com\/ht\/juneteenth\/","og_locale":"ht_HT","og_type":"article","og_title":"Celebrating Juneteenth In Florida - Stop Corporate Greed In Florida","og_description":"Celebrate Juneteenth by learning about our Path to Power. Get cool swag. Bring your friends and join us in building power by hotspotting at Juneteenth events across the state!","og_url":"https:\/\/www.stopcorporategreedfl.com\/ht\/juneteenth\/","og_site_name":"Stop Corporate Greed In Florida","article_modified_time":"2022-06-20T18:44:35+00:00","og_image":[{"width":1024,"height":539,"url":"https:\/\/www.stopcorporategreedfl.com\/wp-content\/uploads\/2022\/06\/juneteenth.jpeg","type":"image\/jpeg"}],"twitter_card":"summary_large_image","twitter_image":"https:\/\/www.stopcorporategreedfl.com\/wp-content\/uploads\/2022\/06\/juneteenth.jpeg","twitter_misc":{"Est. reading time":"1 minute"},"schema":{"@context":"https:\/\/schema.org","@graph":[{"@type":"WebPage","@id":"https:\/\/www.stopcorporategreedfl.com\/juneteenth\/","url":"https:\/\/www.stopcorporategreedfl.com\/juneteenth\/","name":"Selebre Juneteenth nan Florid - Sispann avidite antrepriz nan Florid","isPartOf":{"@id":"https:\/\/www.stopcorporategreedfl.com\/#website"},"datePublished":"2022-06-20T18:42:12+00:00","dateModified":"2022-06-20T18:44:35+00:00","breadcrumb":{"@id":"https:\/\/www.stopcorporategreedfl.com\/juneteenth\/#breadcrumb"},"inLanguage":"ht","potentialAction":[{"@type":"ReadAction","target":["https:\/\/www.stopcorporategreedfl.com\/juneteenth\/"]}]},{"@type":"BreadcrumbList","@id":"https:\/\/www.stopcorporategreedfl.com\/juneteenth\/#breadcrumb","itemListElement":[{"@type":"ListItem","position":1,"name":"Home","item":"https:\/\/www.stopcorporategreedfl.com\/"},{"@type":"ListItem","position":2,"name":"Celebrating Juneteenth In Florida"}]},{"@type":"WebSite","@id":"https:\/\/www.stopcorporategreedfl.com\/#website","url":"https:\/\/www.stopcorporategreedfl.com\/","name":"Sispann avidite antrepriz nan Florid","description":"","publisher":{"@id":"https:\/\/www.stopcorporategreedfl.com\/#organization"},"potentialAction":[{"@type":"SearchAction","target":{"@type":"EntryPoint","urlTemplate":"https:\/\/www.stopcorporategreedfl.com\/?s={search_term_string}"},"query-input":{"@type":"PropertyValueSpecification","valueRequired":true,"valueName":"search_term_string"}}],"inLanguage":"ht"},{"@type":"Organization","@id":"https:\/\/www.stopcorporategreedfl.com\/#organization","name":"Sispann avidite antrepriz nan Florid","url":"https:\/\/www.stopcorporategreedfl.com\/","logo":{"@type":"ImageObject","inLanguage":"ht","@id":"https:\/\/www.stopcorporategreedfl.com\/#\/schema\/logo\/image\/","url":"https:\/\/live-stop-corporate-greed-in-florida.pantheonsite.io\/wp-content\/uploads\/2022\/04\/best-leg-social.jpg","contentUrl":"https:\/\/live-stop-corporate-greed-in-florida.pantheonsite.io\/wp-content\/uploads\/2022\/04\/best-leg-social.jpg","width":1200,"height":630,"caption":"Stop Corporate Greed In Florida"},"image":{"@id":"https:\/\/www.stopcorporategreedfl.com\/#\/schema\/logo\/image\/"}}]}},"_links":{"self":[{"href":"https:\/\/www.stopcorporategreedfl.com\/ht\/wp-json\/wp\/v2\/pages\/779","targetHints":{"allow":["GET"]}}],"collection":[{"href":"https:\/\/www.stopcorporategreedfl.com\/ht\/wp-json\/wp\/v2\/pages"}],"about":[{"href":"https:\/\/www.stopcorporategreedfl.com\/ht\/wp-json\/wp\/v2\/types\/page"}],"author":[{"embeddable":true,"href":"https:\/\/www.stopcorporategreedfl.com\/ht\/wp-json\/wp\/v2\/users\/1"}],"replies":[{"embeddable":true,"href":"https:\/\/www.stopcorporategreedfl.com\/ht\/wp-json\/wp\/v2\/comments?post=779"}],"version-history":[{"count":8,"href":"https:\/\/www.stopcorporategreedfl.com\/ht\/wp-json\/wp\/v2\/pages\/779\/revisions"}],"predecessor-version":[{"id":788,"href":"https:\/\/www.stopcorporategreedfl.com\/ht\/wp-json\/wp\/v2\/pages\/779\/revisions\/788"}],"wp:attachment":[{"href":"https:\/\/www.stopcorporategreedfl.com\/ht\/wp-json\/wp\/v2\/media?parent=779"}],"wp:term":[{"taxonomy":"category","embeddable":true,"href":"https:\/\/www.stopcorporategreedfl.com\/ht\/wp-json\/wp\/v2\/categories?post=779"},{"taxonomy":"post_tag","embeddable":true,"href":"https:\/\/www.stopcorporategreedfl.com\/ht\/wp-json\/wp\/v2\/tags?post=779"}],"curies":[{"name":"wp","href":"https:\/\/api.w.org\/{rel}","templated":true}]}}