{"id":3243,"date":"2024-10-23T16:51:36","date_gmt":"2024-10-23T16:51:36","guid":{"rendered":"https:\/\/www.stopcorporategreedfl.com\/?page_id=3243"},"modified":"2024-10-24T13:45:29","modified_gmt":"2024-10-24T13:45:29","slug":"housing","status":"publish","type":"page","link":"https:\/\/www.stopcorporategreedfl.com\/ht\/housing\/","title":{"rendered":"Mafya Florid la"},"content":{"rendered":"<div data-elementor-type=\"wp-page\" data-elementor-id=\"3243\" class=\"elementor elementor-3243\" data-elementor-post-type=\"page\">\n\t\t\t\t\t\t<section class=\"elementor-section elementor-top-section elementor-element elementor-element-e9e9ef2 elementor-section-boxed elementor-section-height-default elementor-section-height-default\" data-id=\"e9e9ef2\" data-element_type=\"section\">\n\t\t\t\t\t\t<div class=\"elementor-container elementor-column-gap-default\">\n\t\t\t\t\t<div class=\"elementor-column elementor-col-100 elementor-top-column elementor-element elementor-element-519d4fa\" data-id=\"519d4fa\" data-element_type=\"column\">\n\t\t\t<div class=\"elementor-widget-wrap elementor-element-populated\">\n\t\t\t\t\t\t<div class=\"elementor-element elementor-element-3db3070 elementor-widget elementor-widget-heading\" data-id=\"3db3070\" data-element_type=\"widget\" data-widget_type=\"heading.default\">\n\t\t\t\t<div class=\"elementor-widget-container\">\n\t\t\t\t\t<h1 class=\"elementor-heading-title elementor-size-default\">Mafya Florid la<\/h1>\t\t\t\t<\/div>\n\t\t\t\t<\/div>\n\t\t\t\t<div class=\"elementor-element elementor-element-a5c4699 elementor-widget elementor-widget-heading\" data-id=\"a5c4699\" data-element_type=\"widget\" data-widget_type=\"heading.default\">\n\t\t\t\t<div class=\"elementor-widget-container\">\n\t\t\t\t\t<h2 class=\"elementor-heading-title elementor-size-default\">Finansman Kriz Asirans Pwopriyete nan Eta Sol\u00e8y la<\/h2>\t\t\t\t<\/div>\n\t\t\t\t<\/div>\n\t\t\t\t\t<\/div>\n\t\t<\/div>\n\t\t\t\t\t<\/div>\n\t\t<\/section>\n\t\t\t\t<section class=\"elementor-section elementor-top-section elementor-element elementor-element-3eb3879 elementor-section-stretched elementor-section-boxed elementor-section-height-default elementor-section-height-default\" data-id=\"3eb3879\" data-element_type=\"section\" data-settings=\"{&quot;stretch_section&quot;:&quot;section-stretched&quot;,&quot;background_background&quot;:&quot;classic&quot;}\">\n\t\t\t\t\t\t\t<div class=\"elementor-background-overlay\"><\/div>\n\t\t\t\t\t\t\t<div class=\"elementor-container elementor-column-gap-default\">\n\t\t\t\t\t<div class=\"elementor-column elementor-col-50 elementor-top-column elementor-element elementor-element-b7ad2bb\" data-id=\"b7ad2bb\" data-element_type=\"column\">\n\t\t\t<div class=\"elementor-widget-wrap elementor-element-populated\">\n\t\t\t\t\t\t<div class=\"elementor-element elementor-element-7d30e3e elementor-widget elementor-widget-heading\" data-id=\"7d30e3e\" data-element_type=\"widget\" data-widget_type=\"heading.default\">\n\t\t\t\t<div class=\"elementor-widget-container\">\n\t\t\t\t\t<h2 class=\"elementor-heading-title elementor-size-default\">Ki moun k ap f\u00e8 Florid pa ab\u00f2dab?<\/h2>\t\t\t\t<\/div>\n\t\t\t\t<\/div>\n\t\t\t\t<div class=\"elementor-element elementor-element-c8ba420 elementor-align-left elementor-mobile-align-center elementor-widget elementor-widget-button\" data-id=\"c8ba420\" data-element_type=\"widget\" data-widget_type=\"button.default\">\n\t\t\t\t<div class=\"elementor-widget-container\">\n\t\t\t\t\t\t\t\t\t<div class=\"elementor-button-wrapper\">\n\t\t\t\t\t<a class=\"elementor-button elementor-button-link elementor-size-sm\" href=\"\/wp-content\/uploads\/2024\/10\/Florida-For-All-The-Florida-Mafia-Property-Insurance-Report.pdf\" target=\"_blank\">\n\t\t\t\t\t\t<span class=\"elementor-button-content-wrapper\">\n\t\t\t\t\t\t\t\t\t<span class=\"elementor-button-text\">Li Rap\u00f2 a<\/span>\n\t\t\t\t\t<\/span>\n\t\t\t\t\t<\/a>\n\t\t\t\t<\/div>\n\t\t\t\t\t\t\t\t<\/div>\n\t\t\t\t<\/div>\n\t\t\t\t\t<\/div>\n\t\t<\/div>\n\t\t\t\t<div class=\"elementor-column elementor-col-50 elementor-top-column elementor-element elementor-element-45e5d1e\" data-id=\"45e5d1e\" data-element_type=\"column\">\n\t\t\t<div class=\"elementor-widget-wrap elementor-element-populated\">\n\t\t\t\t\t\t<div class=\"elementor-element elementor-element-814fbc1 elementor-widget elementor-widget-text-editor\" data-id=\"814fbc1\" data-element_type=\"widget\" data-widget_type=\"text-editor.default\">\n\t\t\t\t<div class=\"elementor-widget-container\">\n\t\t\t\t\t\t\t\t\t<p>Lajan kanpay pou politisyen Repibliken yo. Pwofi predat\u00e8 pou direkt\u00e8 asirans ak envestis\u00e8 yo. Li sanble ak yon antrepriz krimin\u00e8l \u00f2ganize \u2013 ak lokat\u00e8 ak pwopriyet\u00e8 kay nan Florid k\u00f2m viktim li yo.<\/p>\t\t\t\t\t\t\t\t<\/div>\n\t\t\t\t<\/div>\n\t\t\t\t\t<\/div>\n\t\t<\/div>\n\t\t\t\t\t<\/div>\n\t\t<\/section>\n\t\t<div class=\"elementor-element elementor-element-aa7698d e-flex e-con-boxed e-con e-parent\" data-id=\"aa7698d\" data-element_type=\"container\">\n\t\t\t\t\t<div class=\"e-con-inner\">\n\t\t\t\t<div class=\"elementor-element elementor-element-127487c elementor-widget elementor-widget-text-editor\" data-id=\"127487c\" data-element_type=\"widget\" data-widget_type=\"text-editor.default\">\n\t\t\t\t<div class=\"elementor-widget-container\">\n\t\t\t\t\t\t\t\t\t<p>Tout Floridyen, k\u00e8lkeswa kiy\u00e8s nou ye, kote nou soti, oswa sa nou f\u00e8 pou nou viv, ta dwe gen lib\u00e8te pou yo viv nan kay ki an sekirite epi ab\u00f2dab. Floridyen yo merite ref\u00f2m nan mache asirans pwopriyete nou an ki mete konsomat\u00e8 yo an premye l\u00e8 yo bay yon pwoteksyon disponib, ab\u00f2dab, epi responsab pou moun ki gen polis asirans lan. Pandan Gouv\u00e8n\u00e8 DeSantis ak Repibliken Florid yo ap bay sekt\u00e8 asirans lan don finanse pa kontribyab yo epi kite yo ogmante tarif nou yo, lid\u00e8 pwogresif yo kw\u00e8 nou ta dwe mete lajan nan p\u00f2ch Floridyen yo atrav\u00e8 sibvansyon dir\u00e8k ki soti nan sipli bidj\u00e8 leta a, limite ogmantasyon prim yo, epi ogmante sip\u00e8vizyon konpayi asirans yo pou nou ka aplike ref\u00f2m rey\u00e8l pou fanmi Florid yo. Ch\u00e8k nou travay di pou nou touche a ta dwe ale pi lwen pou fanmi nou yo, pa pi lwen nan p\u00f2ch elit k\u00f2poratif yo.<\/p><p><u><b>Kons\u00e8nan done yo itilize nan rap\u00f2 sa a:<\/b><\/u><b>\u00a0<\/b>Florida For All te tabile kontribisyon kanpay nan nivo eta a ke endistri asirans pwopriyete a te f\u00e8 bay tout politisyen, pati ak komite politik Florid yo depi k\u00f2mansman 2021. Done yo gen ladan kontribisyon ki soti nan konpayi asirans, pwopriyet\u00e8, envestis\u00e8, ekzekitif, ajans ak koutye, ansanm ak asosyasyon kom\u00e8s ak gwoup lobi ki reprezante endistri asirans pwopriyete a. L\u00e8 sa posib, done yo pa enkli kontribisyon ki soti nan enter\u00e8 ki pa gen rap\u00f2 ak asirans pwopriyete tankou asirans sante, lavi ak konpansasyon travay\u00e8.<\/p>\t\t\t\t\t\t\t\t<\/div>\n\t\t\t\t<\/div>\n\t\t\t\t<div class=\"elementor-element elementor-element-817838b elementor-align-center elementor-widget elementor-widget-button\" data-id=\"817838b\" data-element_type=\"widget\" data-widget_type=\"button.default\">\n\t\t\t\t<div class=\"elementor-widget-container\">\n\t\t\t\t\t\t\t\t\t<div class=\"elementor-button-wrapper\">\n\t\t\t\t\t<a class=\"elementor-button elementor-button-link elementor-size-lg\" href=\"\/ht\/take-action\/\" target=\"_blank\">\n\t\t\t\t\t\t<span class=\"elementor-button-content-wrapper\">\n\t\t\t\t\t\t\t\t\t<span class=\"elementor-button-text\">Pran Aksyon<\/span>\n\t\t\t\t\t<\/span>\n\t\t\t\t\t<\/a>\n\t\t\t\t<\/div>\n\t\t\t\t\t\t\t\t<\/div>\n\t\t\t\t<\/div>\n\t\t\t\t\t<\/div>\n\t\t\t\t<\/div>\n\t\t\t\t<\/div>","protected":false},"excerpt":{"rendered":"<p>Mafya Florid la ap finanse kriz asirans pwopriyete a nan Sunshine State la Ki moun k ap f\u00e8 Florid pa ab\u00f2dab? Li Rap\u00f2 a Lajan kach kanpay pou politisyen Repibliken yo. Pwofi predat\u00e8 pou ekzekitif ak envestis\u00e8 asirans yo. Li sanble ak yon antrepriz krimin\u00e8l \u00f2ganize - ak lokat\u00e8 ak pwopriyet\u00e8 kay Florid k\u00f2m viktim li yo. Tout Floridyen, k\u00e8lkeswa moun nou ye a, kote [\u2026]<\/p>","protected":false},"author":1,"featured_media":0,"parent":0,"menu_order":0,"comment_status":"closed","ping_status":"closed","template":"","meta":{"footnotes":""},"categories":[],"tags":[],"class_list":["post-3243","page","type-page","status-publish","hentry"],"yoast_head":"<!-- This site is optimized with the Yoast SEO plugin v26.1.1 - https:\/\/yoast.com\/wordpress\/plugins\/seo\/ -->\n<title>The Florida Mafia - Stop Corporate Greed In Florida<\/title>\n<meta name=\"robots\" content=\"index, follow, max-snippet:-1, max-image-preview:large, max-video-preview:-1\" \/>\n<link rel=\"canonical\" href=\"https:\/\/www.stopcorporategreedfl.com\/ht\/housing\/\" \/>\n<meta property=\"og:locale\" content=\"ht_HT\" \/>\n<meta property=\"og:type\" content=\"article\" \/>\n<meta property=\"og:title\" content=\"The Florida Mafia - Stop Corporate Greed In Florida\" \/>\n<meta property=\"og:description\" content=\"The Florida Mafia Funding the Property Insurance Crisis in the Sunshine State Who is making Florida unaffordable? Read The Report Campaign cash for Republican politicians. Predatory profits for insurance executives and investors. It resembles an organized criminal enterprise \u2013 with Florida renters and homeowners as its victims. All Floridians, regardless of who we are, where [&hellip;]\" \/>\n<meta property=\"og:url\" content=\"https:\/\/www.stopcorporategreedfl.com\/ht\/housing\/\" \/>\n<meta property=\"og:site_name\" content=\"Stop Corporate Greed In Florida\" \/>\n<meta property=\"article:modified_time\" content=\"2024-10-24T13:45:29+00:00\" \/>\n<meta property=\"og:image\" content=\"https:\/\/www.stopcorporategreedfl.com\/wp-content\/uploads\/2022\/04\/best-leg-social.jpg\" \/>\n\t<meta property=\"og:image:width\" content=\"1200\" \/>\n\t<meta property=\"og:image:height\" content=\"630\" \/>\n\t<meta property=\"og:image:type\" content=\"image\/jpeg\" \/>\n<meta name=\"twitter:card\" content=\"summary_large_image\" \/>\n<meta name=\"twitter:label1\" content=\"Est. reading time\" \/>\n\t<meta name=\"twitter:data1\" content=\"2 minutes\" \/>\n<script type=\"application\/ld+json\" class=\"yoast-schema-graph\">{\"@context\":\"https:\/\/schema.org\",\"@graph\":[{\"@type\":\"WebPage\",\"@id\":\"https:\/\/www.stopcorporategreedfl.com\/es\/housing\/\",\"url\":\"https:\/\/www.stopcorporategreedfl.com\/es\/housing\/\",\"name\":\"The Florida Mafia - Stop Corporate Greed In Florida\",\"isPartOf\":{\"@id\":\"https:\/\/www.stopcorporategreedfl.com\/#website\"},\"datePublished\":\"2024-10-23T16:51:36+00:00\",\"dateModified\":\"2024-10-24T13:45:29+00:00\",\"breadcrumb\":{\"@id\":\"https:\/\/www.stopcorporategreedfl.com\/es\/housing\/#breadcrumb\"},\"inLanguage\":\"ht\",\"potentialAction\":[{\"@type\":\"ReadAction\",\"target\":[\"https:\/\/www.stopcorporategreedfl.com\/es\/housing\/\"]}]},{\"@type\":\"BreadcrumbList\",\"@id\":\"https:\/\/www.stopcorporategreedfl.com\/es\/housing\/#breadcrumb\",\"itemListElement\":[{\"@type\":\"ListItem\",\"position\":1,\"name\":\"Home\",\"item\":\"https:\/\/www.stopcorporategreedfl.com\/\"},{\"@type\":\"ListItem\",\"position\":2,\"name\":\"The Florida Mafia\"}]},{\"@type\":\"WebSite\",\"@id\":\"https:\/\/www.stopcorporategreedfl.com\/#website\",\"url\":\"https:\/\/www.stopcorporategreedfl.com\/\",\"name\":\"Stop Corporate Greed In Florida\",\"description\":\"\",\"publisher\":{\"@id\":\"https:\/\/www.stopcorporategreedfl.com\/#organization\"},\"potentialAction\":[{\"@type\":\"SearchAction\",\"target\":{\"@type\":\"EntryPoint\",\"urlTemplate\":\"https:\/\/www.stopcorporategreedfl.com\/?s={search_term_string}\"},\"query-input\":{\"@type\":\"PropertyValueSpecification\",\"valueRequired\":true,\"valueName\":\"search_term_string\"}}],\"inLanguage\":\"ht\"},{\"@type\":\"Organization\",\"@id\":\"https:\/\/www.stopcorporategreedfl.com\/#organization\",\"name\":\"Stop Corporate Greed In Florida\",\"url\":\"https:\/\/www.stopcorporategreedfl.com\/\",\"logo\":{\"@type\":\"ImageObject\",\"inLanguage\":\"ht\",\"@id\":\"https:\/\/www.stopcorporategreedfl.com\/#\/schema\/logo\/image\/\",\"url\":\"https:\/\/live-stop-corporate-greed-in-florida.pantheonsite.io\/wp-content\/uploads\/2022\/04\/best-leg-social.jpg\",\"contentUrl\":\"https:\/\/live-stop-corporate-greed-in-florida.pantheonsite.io\/wp-content\/uploads\/2022\/04\/best-leg-social.jpg\",\"width\":1200,\"height\":630,\"caption\":\"Stop Corporate Greed In Florida\"},\"image\":{\"@id\":\"https:\/\/www.stopcorporategreedfl.com\/#\/schema\/logo\/image\/\"}}]}<\/script>\n<!-- \/ Yoast SEO plugin. -->","yoast_head_json":{"title":"The Florida Mafia - Stop Corporate Greed In Florida","robots":{"index":"index","follow":"follow","max-snippet":"max-snippet:-1","max-image-preview":"max-image-preview:large","max-video-preview":"max-video-preview:-1"},"canonical":"https:\/\/www.stopcorporategreedfl.com\/ht\/housing\/","og_locale":"ht_HT","og_type":"article","og_title":"The Florida Mafia - Stop Corporate Greed In Florida","og_description":"The Florida Mafia Funding the Property Insurance Crisis in the Sunshine State Who is making Florida unaffordable? Read The Report Campaign cash for Republican politicians. Predatory profits for insurance executives and investors. It resembles an organized criminal enterprise \u2013 with Florida renters and homeowners as its victims. All Floridians, regardless of who we are, where [&hellip;]","og_url":"https:\/\/www.stopcorporategreedfl.com\/ht\/housing\/","og_site_name":"Stop Corporate Greed In Florida","article_modified_time":"2024-10-24T13:45:29+00:00","og_image":[{"width":1200,"height":630,"url":"https:\/\/www.stopcorporategreedfl.com\/wp-content\/uploads\/2022\/04\/best-leg-social.jpg","type":"image\/jpeg"}],"twitter_card":"summary_large_image","twitter_misc":{"Est. reading time":"2 minutes"},"schema":{"@context":"https:\/\/schema.org","@graph":[{"@type":"WebPage","@id":"https:\/\/www.stopcorporategreedfl.com\/es\/housing\/","url":"https:\/\/www.stopcorporategreedfl.com\/es\/housing\/","name":"The Florida Mafia - Stop Corporate Greed In Florida","isPartOf":{"@id":"https:\/\/www.stopcorporategreedfl.com\/#website"},"datePublished":"2024-10-23T16:51:36+00:00","dateModified":"2024-10-24T13:45:29+00:00","breadcrumb":{"@id":"https:\/\/www.stopcorporategreedfl.com\/es\/housing\/#breadcrumb"},"inLanguage":"ht","potentialAction":[{"@type":"ReadAction","target":["https:\/\/www.stopcorporategreedfl.com\/es\/housing\/"]}]},{"@type":"BreadcrumbList","@id":"https:\/\/www.stopcorporategreedfl.com\/es\/housing\/#breadcrumb","itemListElement":[{"@type":"ListItem","position":1,"name":"Home","item":"https:\/\/www.stopcorporategreedfl.com\/"},{"@type":"ListItem","position":2,"name":"The Florida Mafia"}]},{"@type":"WebSite","@id":"https:\/\/www.stopcorporategreedfl.com\/#website","url":"https:\/\/www.stopcorporategreedfl.com\/","name":"Sispann avidite antrepriz nan Florid","description":"","publisher":{"@id":"https:\/\/www.stopcorporategreedfl.com\/#organization"},"potentialAction":[{"@type":"SearchAction","target":{"@type":"EntryPoint","urlTemplate":"https:\/\/www.stopcorporategreedfl.com\/?s={search_term_string}"},"query-input":{"@type":"PropertyValueSpecification","valueRequired":true,"valueName":"search_term_string"}}],"inLanguage":"ht"},{"@type":"Organization","@id":"https:\/\/www.stopcorporategreedfl.com\/#organization","name":"Sispann avidite antrepriz nan Florid","url":"https:\/\/www.stopcorporategreedfl.com\/","logo":{"@type":"ImageObject","inLanguage":"ht","@id":"https:\/\/www.stopcorporategreedfl.com\/#\/schema\/logo\/image\/","url":"https:\/\/live-stop-corporate-greed-in-florida.pantheonsite.io\/wp-content\/uploads\/2022\/04\/best-leg-social.jpg","contentUrl":"https:\/\/live-stop-corporate-greed-in-florida.pantheonsite.io\/wp-content\/uploads\/2022\/04\/best-leg-social.jpg","width":1200,"height":630,"caption":"Stop Corporate Greed In Florida"},"image":{"@id":"https:\/\/www.stopcorporategreedfl.com\/#\/schema\/logo\/image\/"}}]}},"_links":{"self":[{"href":"https:\/\/www.stopcorporategreedfl.com\/ht\/wp-json\/wp\/v2\/pages\/3243","targetHints":{"allow":["GET"]}}],"collection":[{"href":"https:\/\/www.stopcorporategreedfl.com\/ht\/wp-json\/wp\/v2\/pages"}],"about":[{"href":"https:\/\/www.stopcorporategreedfl.com\/ht\/wp-json\/wp\/v2\/types\/page"}],"author":[{"embeddable":true,"href":"https:\/\/www.stopcorporategreedfl.com\/ht\/wp-json\/wp\/v2\/users\/1"}],"replies":[{"embeddable":true,"href":"https:\/\/www.stopcorporategreedfl.com\/ht\/wp-json\/wp\/v2\/comments?post=3243"}],"version-history":[{"count":22,"href":"https:\/\/www.stopcorporategreedfl.com\/ht\/wp-json\/wp\/v2\/pages\/3243\/revisions"}],"predecessor-version":[{"id":3276,"href":"https:\/\/www.stopcorporategreedfl.com\/ht\/wp-json\/wp\/v2\/pages\/3243\/revisions\/3276"}],"wp:attachment":[{"href":"https:\/\/www.stopcorporategreedfl.com\/ht\/wp-json\/wp\/v2\/media?parent=3243"}],"wp:term":[{"taxonomy":"category","embeddable":true,"href":"https:\/\/www.stopcorporategreedfl.com\/ht\/wp-json\/wp\/v2\/categories?post=3243"},{"taxonomy":"post_tag","embeddable":true,"href":"https:\/\/www.stopcorporategreedfl.com\/ht\/wp-json\/wp\/v2\/tags?post=3243"}],"curies":[{"name":"wp","href":"https:\/\/api.w.org\/{rel}","templated":true}]}}