{"id":2863,"date":"2024-06-10T18:10:49","date_gmt":"2024-06-10T18:10:49","guid":{"rendered":"https:\/\/live-stop-corporate-greed-in-florida.pantheonsite.io\/?page_id=2863"},"modified":"2024-06-10T18:16:48","modified_gmt":"2024-06-10T18:16:48","slug":"glossary","status":"publish","type":"page","link":"https:\/\/www.stopcorporategreedfl.com\/ht\/glossary\/","title":{"rendered":"Glos\u00e8 Sesyon Lejislatif la"},"content":{"rendered":"<div data-elementor-type=\"wp-page\" data-elementor-id=\"2863\" class=\"elementor elementor-2863\" data-elementor-post-type=\"page\">\n\t\t\t\t<div class=\"elementor-element elementor-element-4a82470 e-con-full e-flex e-con e-parent\" data-id=\"4a82470\" data-element_type=\"container\">\n\t\t\t\t<div class=\"elementor-element elementor-element-a5b43a2 elementor-widget elementor-widget-text-editor\" data-id=\"a5b43a2\" data-element_type=\"widget\" data-widget_type=\"text-editor.default\">\n\t\t\t\t<div class=\"elementor-widget-container\">\n\t\t\t\t\t\t\t\t\t<p><b>Defans: <\/b><span style=\"font-weight: 400;\">Aksyon oswa pwosesis pou sip\u00f2te oswa opoze yon k\u00f2z, yon pwopozisyon, oswa yon kominote epi ankouraje aksyon. Nan Lejislati a, sa a jeneralman an sip\u00f2 oswa opozisyon a yon pwoj\u00e8 lwa politik oswa yon demann finansman (apwopriyasyon).<\/span><\/p><p><b>Amannman:<\/b><span style=\"font-weight: 400;\"> Yon modifikasyon pwopoze pou yon pwoj\u00e8 lwa, prezante pa yon lejislat\u00e8, pou l\u00f2t lejislat\u00e8 yo konsidere pou adopsyon. Nenp\u00f2t lejislat\u00e8 ka prezante yon amannman. Yo ka prezante yo nan komite a oswa nan chanm lan. Adopsyon yon amannman jeneralman mande sip\u00f2 50%+1 nan men lejislat\u00e8 yo.<\/span><\/p><p><b>Bill: <\/b><span style=\"font-weight: 400;\">Yon chanjman pwopoze nan lwa eta a, ki depoze swa nan Chanm Reprezantan an oswa nan Sena Lejislati a. Souvan yo dekri li k\u00f2m SB (Senate Bill) ak HB (House Bill). Gen k\u00e8k lejislat\u00e8 ki gen limit sou &quot;plas pwoj\u00e8 lwa&quot;, epi yo gen dat limit tou pou prezante pwoj\u00e8 lwa yo, ak dat limit prensipal la se premye jou sesyon lejislatif la. Sepandan, atrav\u00e8 komite, amannman, ak l\u00f2t man\u00e8v pwosediral, yon nouvo pwoj\u00e8 lwa ka prezante nenp\u00f2t ki l\u00e8 pa pati politik ki gen kontw\u00f2l la. Pif\u00f2 pwoj\u00e8 lwa bezwen sip\u00f2 50%+1 pou yo pase; sepandan, gen k\u00e8k ki mande yon pap\u00f2t ki pi wo. Nan Chanm Reprezantan an, pwoj\u00e8 lwa ki nimewote 1-9 yo se yon priyorite lid\u00e8chip lejislatif la. Anjeneral, pi piti nimewo a nan Chanm Reprezantan an, se pi enp\u00f2tan pwoj\u00e8 lwa a ye.\u00a0<\/span><\/p><p><b>Bidj\u00e8: <\/b><span style=\"font-weight: 400;\">S\u00e8l egzijans konstitisyon\u00e8l Lejislati a se pou adopte yon bidj\u00e8 ekilibre. <\/span><span style=\"font-weight: 400;\">pou pwochen ane fiskal la, k\u00f2manse 1ye jiy\u00e8 epi fini 30 jen. Li asiyen bay ajans leta yo ak pwogram leta yo, tankou sal\u00e8 anplwaye leta yo, pwogram lojman, swen sante, transp\u00f2, elatriye. Yon bidj\u00e8 se yon refleksyon val\u00e8 yo: ki kote eta nou an envesti, ak sa lid\u00e8 leta yo bay priyorite. Sa a se pa revni (lajan k ap antre a, tankou atrav\u00e8 taks oswa dola federal). Yon bidj\u00e8 se depans, oswa kijan revni an depanse. Pwosesis bidj\u00e8 a dire tout ane a; sepandan, negosyasyon bidj\u00e8 yo f\u00e8t pandan tout sesyon an. Gen prezantasyon ak diskisyon nan komite ak sou-komite apwopriyasyon respektif yo, men anjeneral desizyon ki pi enp\u00f2tan yo pran p\u00f2t f\u00e8men, an kow\u00f2dinasyon ak gouv\u00e8n\u00e8 a, prezidan Chanm Reprezantan an, prezidan Sena a, ansanm ak prezidan Komite Apwopriyasyon Chanm ak Sena a. Bidj\u00e8 final leta a pibliye piblikman nan fen sesyon lejislatif la. Jan 19(d) nan Atik III Konstitisyon Eta a egzije sa, yon fwa bidj\u00e8 a pibliye, gen yon pery\u00f2d 72 \u00e8dtan pou revizyon piblik la anvan yo p\u00e8m\u00e8t pasaj final la. Sesyon an pa ka fini jiskaske bidj\u00e8 a pase.<\/span><\/p><p><b>Ofri Bidj\u00e8:<\/b><span style=\"font-weight: 400;\"> Nan pwosesis bidj\u00e8 a, Chanm Reprezantan an ak Sena a negosye l\u00e8 yo voye youn bay l\u00f2t yon &quot;\u00f2f bidj\u00e8&quot;. Chanm ki resevwa \u00f2f la ka swa aksepte oswa voye yon kont-\u00f2f. Pwosesis sa a kontinye jiskaske tout \u00f2f yo aksepte epi bidj\u00e8 a konpl\u00e8 av\u00e8k konsansis nan men tou de chanm yo.<\/span><\/p><p><b>Komite: <\/b><span style=\"font-weight: 400;\">Yon gwoup lejislat\u00e8 chwazi pa prezidan respektif yo (prezidan Chanm Reprezantan an oswa prezidan Sena a) pou f\u00e8 fonksyon espesifik, anjeneral ki baze sou pwobl\u00e8m politik yo, tankou sekirite piblik, swen sante, oswa finans ak taks.<\/span><\/p><p><b>Prezidan Komite a:<\/b><span style=\"font-weight: 400;\"> Sa a se moun ki responsab yon komite. Yo dirije reyinyon yo epi an teyori, yo deside ki pwoj\u00e8 lwa ki pral tande nan komite a. Yo resevwa sip\u00f2 tou nan men anplwaye komite a. De pli zan pli, ajanda komite Chanm Reprezantan an ak Sena a dwe apwouve pa prezidan Chanm Reprezantan an oswa prezidan Sena a respektivman, sa vle di prezidan komite yo pa gen pouvwa inilateral pou fikse ajanda yo. Prezidan Sena a ak prezidan Chanm Reprezantan an deside prezidan komite yo tou, souvan yon rekonpans pou moun ki fid\u00e8l ak yo. Genyen tou yon vis prezidan, epi nan Chanm Reprezantan an, genyen tou &quot;manm ki gen plis ran Demokrat la,&quot; ki se Demokrat ki gen plis ran nan komite a.<\/span><\/p><p><b>Avi pou Reyinyon Komite a:<\/b><span style=\"font-weight: 400;\"> Anons piblik pou yon reyinyon komite ak pwoj\u00e8 lwa ki pral tande nan reyinyon komite a. Anjeneral, yo pibliye avi komite yo de jou ouvrab anvan reyinyon an pwograme, sepandan, yo diminye dat limit sa yo apre 45y\u00e8m jou nan 60 jou sesyon an. Anpil komite sispann reyini tou apre 45y\u00e8m jou a. Pwoj\u00e8 lwa ki sou ajanda a pa bezwen tande nan okenn l\u00f2d patikilye. Ajanda komite yo <\/span><span style=\"font-weight: 400;\">yo det\u00e8mine pa lid\u00e8chip lejislatif la.<\/span><\/p><p><b>Atribisyon Komite oswa &quot;Komite Referans&quot;:<\/b><span style=\"font-weight: 400;\"> L\u00e8 yo prezante yon pwoj\u00e8 lwa pou piblik la ok\u00f2mansman, yon ti tan apre, yo asiyen komite li yo. Pati Majorite a deside ki komite ak konbyen ki asiyen pou yon pwoj\u00e8 lwa. Nimewo estanda a se 3, sepandan, si yon pwoj\u00e8 lwa gen yon priyorite, yo ka asiyen mwens komite ba li, oubyen si yo pa renmen pwoj\u00e8 lwa a, yo ka asiyen plis komite ba li. Pwosesis komite a f\u00e8t pou yon komite ki pi piti manm verifye lejislasyon an, epi pou piblik la gen op\u00f2tinite pou bay opinyon yo.<\/span><\/p><p><b>Sem\u00e8n Komite yo:<\/b><span style=\"font-weight: 400;\"> Anvan sesyon regilye a k\u00f2manse, lejislat\u00e8 yo \u00f2ganize &quot;sem\u00e8n komite&quot; anvan sesyon an. Anjeneral, gen sis sem\u00e8n, ki f\u00e8t nan mwa anvan sesyon an. Pandan tan sa a, pa gen okenn sesyon plen chanm, men yo prezante pwoj\u00e8 lwa epi souvan yo tande epi vote sou yo nan komite a. Apre yon ane eleksyon, sem\u00e8n komite yo jeneralman k\u00f2manse nan fen novanm oswa k\u00f2mansman desanm. Nan yon ane ki pa gen eleksyon, yo k\u00f2manse nan mwa septanm.<\/span><\/p><p><b>Pwoj\u00e8 Lwa Konpayon: <\/b><span style=\"font-weight: 400;\">Pwoj\u00e8 lwa yo prezante nan Chanm Reprezantan an ak Sena a ki idantik oswa ki sanble anpil nan f\u00f2milasyon.<\/span><\/p><p><b>Konstitiyan: <\/b><span style=\"font-weight: 400;\">Yon rezidan nan distri yon ofisy\u00e8l eli.<\/span><\/p><p><b>Ko-Spons\u00f2<\/b><span style=\"font-weight: 400;\">Yon lejislat\u00e8 ki ko-siyen ofisy\u00e8lman pou sip\u00f2te yon pwoj\u00e8 lwa ke li pa t prezante. Lejislat\u00e8 yo ak anplwaye yo f\u00e8 yon demann pou ko-patwone yon pwoj\u00e8 lwa bay moun ki prezante pwoj\u00e8 lwa a, ki dwe apwouve demann lan. Antanke defans\u00e8, si gen yon pwoj\u00e8 lwa n ap sip\u00f2te, yon demann enp\u00f2tan pou lejislat\u00e8 yo se pou yo ko-patwone pwoj\u00e8 lwa sa a.<\/span><\/p><p><b>Deba: <\/b><span style=\"font-weight: 400;\">Nan Lejislati a, deba se yon pwosesis f\u00f2m\u00e8l nan yon odyans pwoj\u00e8 lwa. Se moman kote chak lejislat\u00e8 endividy\u00e8l ka prezante yon agiman an sip\u00f2 oswa opozisyon ak pwoj\u00e8 lwa a. Sa rive apre prezantasyon pwoj\u00e8 lwa a, apre moun ki prezante pwoj\u00e8 lwa a fin reponn kesyon yo. <\/span><span style=\"font-weight: 400;\">sou pwoj\u00e8 lwa yo a, epi apre temwayaj piblik la. Apre deba a, moun ki prezante pwoj\u00e8 lwa a bay agiman final li yo, epi apre sa v\u00f2t la f\u00e8t.<\/span><\/p><p><b>Distri:<\/b><span style=\"font-weight: 400;\"> Z\u00f2n kote yo eli yon senat\u00e8, yon reprezantan, oswa yon kongr\u00e8man eta a. <\/span><span style=\"font-weight: 400;\">Limit distri lejislatif ak kongr\u00e8syon\u00e8l leta yo trase nan pwosesis deseni\u00e8l yo rele repatisyon ak redistribisyon.<\/span><\/p><p><b>Mouri nan Komite a: <\/b><span style=\"font-weight: 400;\">Sa vle di l\u00e8 yon pwoj\u00e8 lwa pa byen depoze nan chanm kote li te prezante a. Pwoj\u00e8 lwa a dwe pase nan tout komite referans yo oubyen yo dwe retire li nan l\u00f2t komite yo pou l ka pase. Yon pwoj\u00e8 lwa ki pa pase nan komite a pa pase nan okenn komite referans pandan sem\u00e8n ak sesyon komite yo.<\/span><\/p><p><b>V\u00f2t nan sal la:<\/b><span style=\"font-weight: 400;\"> Apre yon pwoj\u00e8 lwa pase nan komite li yo, li ale nan yon v\u00f2t nan tout chanm lan, kote tout lejislat\u00e8 nan chanm respektif Chanm Reprezantan an oswa Sena a vote sou pwoj\u00e8 lwa a. Sa pa neses\u00e8man v\u00f2t final pwoj\u00e8 lwa a. Finalman, se menm pwoj\u00e8 lwa a ki dwe pase nan Chanm Reprezantan an ak Sena a. Pandan Chanm Reprezantan an ak Sena a ap negosye sou detay final yo, yon pwoj\u00e8 lwa ka gen plizy\u00e8 v\u00f2t nan tout chanm lan.<\/span><\/p><p><b>Lwa Florid yo: <\/b><span style=\"font-weight: 400;\">Men lwa eta akty\u00e8l yo. Yon &quot;lwa&quot; se sa nou rele yon lwa eta; menm jan yon &quot;\u00f2donans&quot; se sa nou rele yon lwa lokal. Senpleman, pwoj\u00e8 lwa yo se mizajou oswa chanjman ki pwopoze nan lwa Florid yo, epi yo f\u00e8 referans a lwa akty\u00e8l yo ansanm ak chanjman ki pwopoze nan pwoj\u00e8 lwa a. Ou pral souvan w\u00e8 &quot;FS&quot; ki te swiv pa yon nimewo ki f\u00e8 referans nan pwoj\u00e8 lwa yo. Sa vle di &quot;lwa Florid,&quot; epi nimewo a f\u00e8 referans a yon lwa eta espesifik. Jwenn lwa Florid yo isit la.<\/span><\/p><p><b>Chan\u00e8l Florid: <\/b><span style=\"font-weight: 400;\">Florida Channel la se C-SPAN Florid la. Li finanse pa kontribyab yo epi li pa gen okenn rap\u00f2 politik ni patizan. Se la ou ka gade tout aktivite lejislatif yo an dir\u00e8k ak nan achiv. Sa gen ladan odyans komite yo, sesyon nan chanm reprezantan yo, ev\u00e8nman pou lapr\u00e8s yo, elatriye. Florida Channel la pwodui tou yon rezime ev\u00e8nman jounen an ak sem\u00e8n nan, ki se yon bon resous. Rankont pou lapr\u00e8s apre sesyon prezidan Sena a ak prezidan Chanm Reprezantan an enp\u00f2tan tou pou w gade pou d\u00e8nye ev\u00e8nman nan gouv\u00e8nman eta w la. Tout videyo yo disponib isit la: thefloridachannel.org<\/span><\/p><p><b>Odyans:<\/b><span style=\"font-weight: 400;\"> L\u00e8 yo prezante yon pwoj\u00e8 lwa epi yo vote l nan yon fow\u00f2m piblik, jeneralman nan yon reyinyon komite.<\/span><\/p><p><span style=\"font-weight: 400;\"><strong>Entwodiksyon:<\/strong> Yo rele l tou &quot;patwone,&quot; lejislat\u00e8 ki depoze yon pwoj\u00e8 lwa pou prezantasyon oswa komite ki vote pou depoze pwoj\u00e8 lwa a pou prezantasyon. Non moun k ap prezante a par\u00e8t an premye sou pwoj\u00e8 lwa a. Yon ko-prezantat\u00e8 oswa ko-patwone se yon lejislat\u00e8 ki gen non yo ajoute nan yon pwoj\u00e8 lwa anplis non moun k ap prezante a.<\/span><\/p><p><b>Rezolisyon Konjwen (Rezolisyon Konjwen Sena a\/SJR, Rezolisyon Konjwen Chanm Reprezantan an\/HJR): <\/b><span style=\"font-weight: 400;\">Rezolisyon Konjwen yo gen plis konsekans pase yon &quot;rezolisyon&quot; \u00f2din\u00e8 oswa yon &quot;memoryal&quot;. Se met\u00f2d sa a Lejislati a genyen pou mete amannman yo pwopoze nan Konstitisyon eta a sou bilten v\u00f2t la. Li dwe pase chak chanm pa yon v\u00f2t twa senky\u00e8m (60%) nan lejislat\u00e8 yo. Yon fwa yo sou bilten v\u00f2t la, yo bezwen apwobasyon vot\u00e8 60% pou yo ka pase.\u00a0<\/span><\/p><p><b>Lejislat\u00e8: <\/b><span style=\"font-weight: 400;\">Moun yo eli pou reprezante w epi ekri lwa yo. Lejislati Florid la gen 160 lejislat\u00e8 an total: 120 reprezantan ak 40 senat\u00e8. Reprezantan Chanm yo eli pou s\u00e8vi yon manda dezan; senat\u00e8 yo eli pou s\u00e8vi yon manda katran. Reprezantan Chanm yo reprezante anviwon 170,000 moun; Senat\u00e8 Eta yo anviwon 500,000 moun. Jwenn reprezantan Chanm ou isit la epi senat\u00e8 eta ou isit la.<\/span><\/p><p><b>Odyans Delegasyon Lejislatif yo<\/b><span style=\"font-weight: 400;\">Anvan sesyon lejislatif la k\u00f2manse, tout lejislat\u00e8 ki reprezante konte w la ap \u00f2ganize yon reyinyon delegasyon lejislatif nan distri a. Sa a se yon fow\u00f2m piblik kote piblik la ka diskite sou nenp\u00f2t pwobl\u00e8m yo vle Lejislati a ab\u00f2de, anjeneral pou de minit. Anjeneral, gen lapr\u00e8s lokal la tou. Se yon bon op\u00f2tinite pou moun yo pale ak plizy\u00e8 lejislat\u00e8 ak piblik la an menm tan sou yon pwobl\u00e8m ki enp\u00f2tan pou ou. Se yon bon moman tou pou yon aksyon dir\u00e8k, yon ev\u00e8nman pou lapr\u00e8s, elatriye.<\/span><\/p><p><b>Preempsyon: <\/b><span style=\"font-weight: 400;\">Yon zouti politik net ki ka itilize pou byen oswa pou mal. Yon preemption se l\u00e8 yon nivo gouv\u00e8nman ki pi wo retire pouvwa yon nivo gouv\u00e8nman ki pi ba pou reglemante yon pwobl\u00e8m espesifik. Lejislati Florid la te abize preemption pou retire lib\u00e8te lokal nou yo pandan yon bon bout tan.\u00a0<\/span><\/p><p><b>Sesyon: <\/b><span style=\"font-weight: 400;\">Yo itilize t\u00e8m nan pou refere a tout pery\u00f2d Lejislati a te reyini pou li.<\/span><\/p><p><b>Prezidan Sena a: <\/b><span style=\"font-weight: 400;\">Prezidan Sena a, li te eli pa pati majorite a nan caucus la pou yon manda dezan. Prezidan Sena a pou 2023-2024 se Senat\u00e8 Kathleen Passidomo. Prezidan Sena a pou 2025-2026 se Senat\u00e8 Ben Albritton.<\/span><\/p><p><b>Prezidan Chanm Reprezantan an: <\/b><span style=\"font-weight: 400;\">Prezidan Chanm Reprezantan an, ke pati majorite a eli nan caucus la pou yon manda dezan nan sesyon \u00f2ganizasyon an. Prezidan Chanm Reprezantan an pou 2023-2024 se Reprezantan Paul Renner; 2025-2026 se Reprezantan Danny Perez; 2027-2028 se Reprezantan Sam Garrison.<\/span><\/p><p><b>Patwone:<\/b><span style=\"font-weight: 400;\"> Yon t\u00e8m yo itilize men ki pa ranplase ak entwodiksyon.<\/span><\/p><p><b>San jou:<\/b><span style=\"font-weight: 400;\"> Latin pou san jou. Sa a se d\u00e8nye jou sesyon an. Sesyon an tradisyon\u00e8lman dire 60 jou; sepandan, dat egzak la baze sou l\u00e8 bidj\u00e8 final la pibliye bay piblik la. Tradisyon\u00e8lman, gen yon selebrasyon kote s\u00e8jan anchaj Chanm Reprezantan an ak Sena a lage yon mouchwa nan rotond katriy\u00e8m etaj la, pou make fen sesyon an. Tipikman, gouv\u00e8n\u00e8 a, prezidan Sena a, ak prezidan Chanm Reprezantan an f\u00e8 diskou final yo swivan tradisyon sa a.<\/span><\/p><p><b>Amannman pou tout moun retire: <\/b><span style=\"font-weight: 400;\">Sa a se yon amannman ki efektivman ranplase pwoj\u00e8 lwa a ak yon nouvo langaj. Li &quot;anile&quot; tout langaj pwoj\u00e8 lwa a epi li ranplase pwoj\u00e8 lwa a ak yon nouvo langaj. Nan komite a, yon manm komite a ka depoze amannman nenp\u00f2t ki l\u00e8.<\/span><\/p><p><b>Lwa Sol\u00e8y la: <\/b><span style=\"font-weight: 400;\">Lwa Gouv\u00e8nman-an-Sunshine Florid la bay yon dwa aks\u00e8 a pwosedi gouv\u00e8nmantal yo ni nan nivo eta a ni nan nivo lokal la. Li aplike a nenp\u00f2t rasanbleman de oswa plis manm nan menm kons\u00e8y la pou diskite sou yon sij\u00e8 ki previzibman pral par\u00e8t devan kons\u00e8y sa a pou aksyon.<\/span><\/p><p><b>Pak\u00e8 taks:<\/b><span style=\"font-weight: 400;\"> Pwoj\u00e8 lwa a gen ladan tout avantaj taks pou antrepriz yo ak jou ferye taks sou lavant yo. K\u00f2m bidj\u00e8 leta a bezwen balanse, enpak fiskal jeneral pake taks la jwe yon w\u00f2l enp\u00f2tan nan pwosesis bidj\u00e8 a. Plizy\u00e8 milya dola te depanse nan kado taks pou antrepriz nan eta a.<\/span><\/p><p><b>Veto: <\/b><span style=\"font-weight: 400;\">Objeksyon gouv\u00e8n\u00e8 a kont yon lwa Lejislati a pase, ki anile lwa a sof si yo repwodui li pita pa yon v\u00f2t de ty\u00e8 nan tou de chanm yo.<\/span><\/p><p><b>V\u00f2t ak vwa:<\/b><span style=\"font-weight: 400;\"> Lejislat\u00e8 yo ka apwouve oswa rejte amannman yo pa yon &quot;v\u00f2t vokal,&quot; sa vle di pa gen okenn anrejistreman v\u00f2t ofisy\u00e8l. Lejislat\u00e8 yo tou senpleman di &quot;Wi&quot; oswa &quot;Non&quot; epi prezidan an deside ki b\u00f2 ki pase.<\/span><\/p><p><b>Komisyon V\u00f2t: <\/b><span style=\"font-weight: 400;\">Ekspozisyon v\u00f2t elektwonik la ki sitiye nan chak chanm ki montre kijan lejislat\u00e8 yo ap vote sou yon mezi devan inite a. V\u00f2t final yon pwoj\u00e8 lwa pase nan yon v\u00f2t f\u00f2m\u00e8l av\u00e8k yon rap\u00f2 v\u00f2t. Sepandan, pou amannman yo mande yon mosyon pou yo ale &quot;sou tablo a&quot; av\u00e8k yon rap\u00f2 v\u00f2t ofisy\u00e8l. Nan chanm nan, senk lejislat\u00e8 dwe mande yon v\u00f2t sou tablo a, l\u00e8 yo leve men yo.<\/span><\/p><p><b>Dosye V\u00f2t: <\/b><span style=\"font-weight: 400;\">Yon achiv sou fason lejislat\u00e8 yo te vote sou pwoj\u00e8 lwa ak amannman yo. Achiv sa a disponib sou ent\u00e8n\u00e8t pou tout moun ka jwenn aks\u00e8. Achiv sa yo enp\u00f2tan pou edike Floridyen yo, rem\u00e8sye chanpyon nou yo, epi rann moun ki te vote kont kominote nou yo responsab.<\/span><\/p>\t\t\t\t\t\t\t\t<\/div>\n\t\t\t\t<\/div>\n\t\t\t\t<\/div>\n\t\t\t\t<\/div>","protected":false},"excerpt":{"rendered":"<p>Defans: Aksyon oswa pwosesis pou sip\u00f2te oswa opoze yon k\u00f2z, yon pwopozisyon, oswa yon kominote epi ankouraje aksyon. Nan Lejislati a, sa a jeneralman an sip\u00f2 oswa opozisyon a yon pwoj\u00e8 lwa politik oswa yon demann finansman (apwopriyasyon). Amannman: Yon modifikasyon pwopoze nan yon pwoj\u00e8 lwa, prezante pa yon lejislat\u00e8, pou l\u00f2t lejislat\u00e8 yo konsidere pou adopsyon. Yon [\u2026]<\/p>","protected":false},"author":1,"featured_media":0,"parent":0,"menu_order":0,"comment_status":"closed","ping_status":"closed","template":"","meta":{"footnotes":""},"categories":[],"tags":[],"class_list":["post-2863","page","type-page","status-publish","hentry"],"yoast_head":"<!-- This site is optimized with the Yoast SEO plugin v26.1.1 - https:\/\/yoast.com\/wordpress\/plugins\/seo\/ -->\n<title>Legislative Session Glossary - Stop Corporate Greed In Florida<\/title>\n<meta name=\"robots\" content=\"index, follow, max-snippet:-1, max-image-preview:large, max-video-preview:-1\" \/>\n<link rel=\"canonical\" href=\"https:\/\/www.stopcorporategreedfl.com\/ht\/glossary\/\" \/>\n<meta property=\"og:locale\" content=\"ht_HT\" \/>\n<meta property=\"og:type\" content=\"article\" \/>\n<meta property=\"og:title\" content=\"Legislative Session Glossary - Stop Corporate Greed In Florida\" \/>\n<meta property=\"og:description\" content=\"Advocacy: The act or process of supporting or opposing a cause, proposal, or community and urging action. In the Legislature, this is generally in support of or opposition to a policy bill or funding (appropriation) request. Amendment: A proposed edit to a bill, introduced by a lawmaker, for fellow lawmakers to consider for adoption. An [&hellip;]\" \/>\n<meta property=\"og:url\" content=\"https:\/\/www.stopcorporategreedfl.com\/ht\/glossary\/\" \/>\n<meta property=\"og:site_name\" content=\"Stop Corporate Greed In Florida\" \/>\n<meta property=\"article:modified_time\" content=\"2024-06-10T18:16:48+00:00\" \/>\n<meta property=\"og:image\" content=\"https:\/\/www.stopcorporategreedfl.com\/wp-content\/uploads\/2022\/04\/best-leg-social.jpg\" \/>\n\t<meta property=\"og:image:width\" content=\"1200\" \/>\n\t<meta property=\"og:image:height\" content=\"630\" \/>\n\t<meta property=\"og:image:type\" content=\"image\/jpeg\" \/>\n<meta name=\"twitter:card\" content=\"summary_large_image\" \/>\n<meta name=\"twitter:label1\" content=\"Est. reading time\" \/>\n\t<meta name=\"twitter:data1\" content=\"10 minutes\" \/>\n<script type=\"application\/ld+json\" class=\"yoast-schema-graph\">{\"@context\":\"https:\/\/schema.org\",\"@graph\":[{\"@type\":\"WebPage\",\"@id\":\"https:\/\/www.stopcorporategreedfl.com\/glossary\/\",\"url\":\"https:\/\/www.stopcorporategreedfl.com\/glossary\/\",\"name\":\"Legislative Session Glossary - Stop Corporate Greed In Florida\",\"isPartOf\":{\"@id\":\"https:\/\/www.stopcorporategreedfl.com\/#website\"},\"datePublished\":\"2024-06-10T18:10:49+00:00\",\"dateModified\":\"2024-06-10T18:16:48+00:00\",\"breadcrumb\":{\"@id\":\"https:\/\/www.stopcorporategreedfl.com\/glossary\/#breadcrumb\"},\"inLanguage\":\"ht\",\"potentialAction\":[{\"@type\":\"ReadAction\",\"target\":[\"https:\/\/www.stopcorporategreedfl.com\/glossary\/\"]}]},{\"@type\":\"BreadcrumbList\",\"@id\":\"https:\/\/www.stopcorporategreedfl.com\/glossary\/#breadcrumb\",\"itemListElement\":[{\"@type\":\"ListItem\",\"position\":1,\"name\":\"Home\",\"item\":\"https:\/\/www.stopcorporategreedfl.com\/\"},{\"@type\":\"ListItem\",\"position\":2,\"name\":\"Legislative Session Glossary\"}]},{\"@type\":\"WebSite\",\"@id\":\"https:\/\/www.stopcorporategreedfl.com\/#website\",\"url\":\"https:\/\/www.stopcorporategreedfl.com\/\",\"name\":\"Stop Corporate Greed In Florida\",\"description\":\"\",\"publisher\":{\"@id\":\"https:\/\/www.stopcorporategreedfl.com\/#organization\"},\"potentialAction\":[{\"@type\":\"SearchAction\",\"target\":{\"@type\":\"EntryPoint\",\"urlTemplate\":\"https:\/\/www.stopcorporategreedfl.com\/?s={search_term_string}\"},\"query-input\":{\"@type\":\"PropertyValueSpecification\",\"valueRequired\":true,\"valueName\":\"search_term_string\"}}],\"inLanguage\":\"ht\"},{\"@type\":\"Organization\",\"@id\":\"https:\/\/www.stopcorporategreedfl.com\/#organization\",\"name\":\"Stop Corporate Greed In Florida\",\"url\":\"https:\/\/www.stopcorporategreedfl.com\/\",\"logo\":{\"@type\":\"ImageObject\",\"inLanguage\":\"ht\",\"@id\":\"https:\/\/www.stopcorporategreedfl.com\/#\/schema\/logo\/image\/\",\"url\":\"https:\/\/live-stop-corporate-greed-in-florida.pantheonsite.io\/wp-content\/uploads\/2022\/04\/best-leg-social.jpg\",\"contentUrl\":\"https:\/\/live-stop-corporate-greed-in-florida.pantheonsite.io\/wp-content\/uploads\/2022\/04\/best-leg-social.jpg\",\"width\":1200,\"height\":630,\"caption\":\"Stop Corporate Greed In Florida\"},\"image\":{\"@id\":\"https:\/\/www.stopcorporategreedfl.com\/#\/schema\/logo\/image\/\"}}]}<\/script>\n<!-- \/ Yoast SEO plugin. -->","yoast_head_json":{"title":"Legislative Session Glossary - Stop Corporate Greed In Florida","robots":{"index":"index","follow":"follow","max-snippet":"max-snippet:-1","max-image-preview":"max-image-preview:large","max-video-preview":"max-video-preview:-1"},"canonical":"https:\/\/www.stopcorporategreedfl.com\/ht\/glossary\/","og_locale":"ht_HT","og_type":"article","og_title":"Legislative Session Glossary - Stop Corporate Greed In Florida","og_description":"Advocacy: The act or process of supporting or opposing a cause, proposal, or community and urging action. In the Legislature, this is generally in support of or opposition to a policy bill or funding (appropriation) request. Amendment: A proposed edit to a bill, introduced by a lawmaker, for fellow lawmakers to consider for adoption. An [&hellip;]","og_url":"https:\/\/www.stopcorporategreedfl.com\/ht\/glossary\/","og_site_name":"Stop Corporate Greed In Florida","article_modified_time":"2024-06-10T18:16:48+00:00","og_image":[{"width":1200,"height":630,"url":"https:\/\/www.stopcorporategreedfl.com\/wp-content\/uploads\/2022\/04\/best-leg-social.jpg","type":"image\/jpeg"}],"twitter_card":"summary_large_image","twitter_misc":{"Est. reading time":"10 minutes"},"schema":{"@context":"https:\/\/schema.org","@graph":[{"@type":"WebPage","@id":"https:\/\/www.stopcorporategreedfl.com\/glossary\/","url":"https:\/\/www.stopcorporategreedfl.com\/glossary\/","name":"Legislative Session Glossary - Stop Corporate Greed In Florida","isPartOf":{"@id":"https:\/\/www.stopcorporategreedfl.com\/#website"},"datePublished":"2024-06-10T18:10:49+00:00","dateModified":"2024-06-10T18:16:48+00:00","breadcrumb":{"@id":"https:\/\/www.stopcorporategreedfl.com\/glossary\/#breadcrumb"},"inLanguage":"ht","potentialAction":[{"@type":"ReadAction","target":["https:\/\/www.stopcorporategreedfl.com\/glossary\/"]}]},{"@type":"BreadcrumbList","@id":"https:\/\/www.stopcorporategreedfl.com\/glossary\/#breadcrumb","itemListElement":[{"@type":"ListItem","position":1,"name":"Home","item":"https:\/\/www.stopcorporategreedfl.com\/"},{"@type":"ListItem","position":2,"name":"Legislative Session Glossary"}]},{"@type":"WebSite","@id":"https:\/\/www.stopcorporategreedfl.com\/#website","url":"https:\/\/www.stopcorporategreedfl.com\/","name":"Sispann avidite antrepriz nan Florid","description":"","publisher":{"@id":"https:\/\/www.stopcorporategreedfl.com\/#organization"},"potentialAction":[{"@type":"SearchAction","target":{"@type":"EntryPoint","urlTemplate":"https:\/\/www.stopcorporategreedfl.com\/?s={search_term_string}"},"query-input":{"@type":"PropertyValueSpecification","valueRequired":true,"valueName":"search_term_string"}}],"inLanguage":"ht"},{"@type":"Organization","@id":"https:\/\/www.stopcorporategreedfl.com\/#organization","name":"Sispann avidite antrepriz nan Florid","url":"https:\/\/www.stopcorporategreedfl.com\/","logo":{"@type":"ImageObject","inLanguage":"ht","@id":"https:\/\/www.stopcorporategreedfl.com\/#\/schema\/logo\/image\/","url":"https:\/\/live-stop-corporate-greed-in-florida.pantheonsite.io\/wp-content\/uploads\/2022\/04\/best-leg-social.jpg","contentUrl":"https:\/\/live-stop-corporate-greed-in-florida.pantheonsite.io\/wp-content\/uploads\/2022\/04\/best-leg-social.jpg","width":1200,"height":630,"caption":"Stop Corporate Greed In Florida"},"image":{"@id":"https:\/\/www.stopcorporategreedfl.com\/#\/schema\/logo\/image\/"}}]}},"_links":{"self":[{"href":"https:\/\/www.stopcorporategreedfl.com\/ht\/wp-json\/wp\/v2\/pages\/2863","targetHints":{"allow":["GET"]}}],"collection":[{"href":"https:\/\/www.stopcorporategreedfl.com\/ht\/wp-json\/wp\/v2\/pages"}],"about":[{"href":"https:\/\/www.stopcorporategreedfl.com\/ht\/wp-json\/wp\/v2\/types\/page"}],"author":[{"embeddable":true,"href":"https:\/\/www.stopcorporategreedfl.com\/ht\/wp-json\/wp\/v2\/users\/1"}],"replies":[{"embeddable":true,"href":"https:\/\/www.stopcorporategreedfl.com\/ht\/wp-json\/wp\/v2\/comments?post=2863"}],"version-history":[{"count":8,"href":"https:\/\/www.stopcorporategreedfl.com\/ht\/wp-json\/wp\/v2\/pages\/2863\/revisions"}],"predecessor-version":[{"id":2874,"href":"https:\/\/www.stopcorporategreedfl.com\/ht\/wp-json\/wp\/v2\/pages\/2863\/revisions\/2874"}],"wp:attachment":[{"href":"https:\/\/www.stopcorporategreedfl.com\/ht\/wp-json\/wp\/v2\/media?parent=2863"}],"wp:term":[{"taxonomy":"category","embeddable":true,"href":"https:\/\/www.stopcorporategreedfl.com\/ht\/wp-json\/wp\/v2\/categories?post=2863"},{"taxonomy":"post_tag","embeddable":true,"href":"https:\/\/www.stopcorporategreedfl.com\/ht\/wp-json\/wp\/v2\/tags?post=2863"}],"curies":[{"name":"wp","href":"https:\/\/api.w.org\/{rel}","templated":true}]}}