{"id":271,"date":"2022-04-16T14:51:34","date_gmt":"2022-04-16T14:51:34","guid":{"rendered":"https:\/\/live-stop-corporate-greed-in-florida.pantheonsite.io\/?page_id=271"},"modified":"2022-04-16T19:48:00","modified_gmt":"2022-04-16T19:48:00","slug":"take-action","status":"publish","type":"page","link":"https:\/\/www.stopcorporategreedfl.com\/ht\/take-action\/","title":{"rendered":"Pran Aksyon"},"content":{"rendered":"<div data-elementor-type=\"wp-page\" data-elementor-id=\"271\" class=\"elementor elementor-271\" data-elementor-post-type=\"page\">\n\t\t\t\t\t\t<section class=\"elementor-section elementor-top-section elementor-element elementor-element-8c27a49 elementor-section-boxed elementor-section-height-default elementor-section-height-default\" data-id=\"8c27a49\" data-element_type=\"section\">\n\t\t\t\t\t\t<div class=\"elementor-container elementor-column-gap-default\">\n\t\t\t\t\t<div class=\"elementor-column elementor-col-100 elementor-top-column elementor-element elementor-element-5cc6ab7\" data-id=\"5cc6ab7\" data-element_type=\"column\">\n\t\t\t<div class=\"elementor-widget-wrap elementor-element-populated\">\n\t\t\t\t\t\t<div class=\"elementor-element elementor-element-d4a099d elementor-widget elementor-widget-text-editor\" data-id=\"d4a099d\" data-element_type=\"widget\" data-widget_type=\"text-editor.default\">\n\t\t\t\t<div class=\"elementor-widget-container translation-block\">\/*! elementor - v3.6.4 - 13-04-2022 *\/\r\n.elementor-widget-text-editor.elementor-drop-cap-view-stacked .elementor-drop-cap{background-color:#818a91;color:#fff}.elementor-widget-text-editor.elementor-drop-cap-view-framed .elementor-drop-cap{color:#818a91;border:3px solid;background-color:transparent}.elementor-widget-text-editor:not(.elementor-drop-cap-view-default) .elementor-drop-cap{margin-top:8px}.elementor-widget-text-editor:not(.elementor-drop-cap-view-default) .elementor-drop-cap-letter{width:1em;height:1em}.elementor-widget-text-editor .elementor-drop-cap{float:left;text-align:center;line-height:1;font-size:50px}.elementor-widget-text-editor .elementor-drop-cap-letter{display:inline-block} Lejislati DeSantis la te inyore ogmantasyon lwaye, tarif asirans pwopriyete, ak ogmantasyon s\u00e8vis piblik yo\u2014ki koute nou plizy\u00e8 milya dola, pou benefis donat\u00e8 antrepriz yo ak anbisyon politik nan lavni. Floridyen yo merite yon gouv\u00e8nman ki pran swen <em><u>nou<\/u><\/em> tout. Vin jwenn nou.<\/div>\n\t\t\t\t<\/div>\n\t\t\t\t<div class=\"elementor-element elementor-element-bdba810 elementor-widget elementor-widget-html\" data-id=\"bdba810\" data-element_type=\"widget\" data-widget_type=\"html.default\">\n\t\t\t\t<div class=\"elementor-widget-container\">\n\t\t\t\t\t<link rel='preload' href='https:\/\/static.everyaction.com\/ea-actiontag\/at.js' as='script' crossorigin='anonymous'>\n <link rel='preload' href='https:\/\/static.everyaction.com\/ea-actiontag\/at.min.css' as='style'>\n <script type='text\/javascript' src='https:\/\/static.everyaction.com\/ea-actiontag\/at.js' crossorigin='anonymous'><\/script>\n <div class=\"ngp-form\"\n     data-form-url=\"https:\/\/secure.everyaction.com\/v1\/Forms\/FO1I6E_LykaDwkpLYC2thg2\"\n     data-fastaction-endpoint=\"https:\/\/fastaction.ngpvan.com\"\n     data-inline-errors=\"true\"\n     data-fastaction-nologin=\"true\"\n     data-databag-endpoint=\"https:\/\/profile.ngpvan.com\"\n     data-databag=\"everybody\"\n          data-mobile-autofocus=\"false\">\n<\/div>\t\t\t\t<\/div>\n\t\t\t\t<\/div>\n\t\t\t\t\t<\/div>\n\t\t<\/div>\n\t\t\t\t\t<\/div>\n\t\t<\/section>\n\t\t\t\t<\/div>","protected":false},"excerpt":{"rendered":"<p class=\"translation-block\">\/*! elementor - v3.6.4 - 13-04-2022 *\/\r\n.elementor-widget-text-editor.elementor-drop-cap-view-stacked .elementor-drop-cap{background-color:#818a91;color:#fff}.elementor-widget-text-editor.elementor-drop-cap-view-framed .elementor-drop-cap{color:#818a91;border:3px solid;background-color:transparent}.elementor-widget-text-editor:not(.elementor-drop-cap-view-default) .elementor-drop-cap{margin-top:8px}.elementor-widget-text-editor:not(.elementor-drop-cap-view-default) .elementor-drop-cap-letter{width:1em;height:1em}.elementor-widget-text-editor .elementor-drop-cap{float:left;text-align:center;line-height:1;font-size:50px}.elementor-widget-text-editor .elementor-drop-cap-letter{display:inline-block} Lejislati DeSantis la te inyore ogmantasyon lwaye, tarif asirans pwopriyete, ak ogmantasyon s\u00e8vis piblik yo\u2014ki koute nou plizy\u00e8 milya dola, pou benefis donat\u00e8 antrepriz yo ak anbisyon politik nan lavni. Floridyen yo merite yon gouv\u00e8nman ki pran swen <em><u>nou<\/u><\/em> tout. Vin jwenn nou.<\/p>","protected":false},"author":1,"featured_media":0,"parent":0,"menu_order":0,"comment_status":"closed","ping_status":"closed","template":"","meta":{"footnotes":""},"categories":[],"tags":[],"class_list":["post-271","page","type-page","status-publish","hentry"],"yoast_head":"<!-- This site is optimized with the Yoast SEO plugin v26.1.1 - https:\/\/yoast.com\/wordpress\/plugins\/seo\/ -->\n<title>Take Action - Stop Corporate Greed In Florida<\/title>\n<meta name=\"robots\" content=\"index, follow, max-snippet:-1, max-image-preview:large, max-video-preview:-1\" \/>\n<link rel=\"canonical\" href=\"https:\/\/www.stopcorporategreedfl.com\/ht\/take-action\/\" \/>\n<meta property=\"og:locale\" content=\"ht_HT\" \/>\n<meta property=\"og:type\" content=\"article\" \/>\n<meta property=\"og:title\" content=\"Take Action - Stop Corporate Greed In Florida\" \/>\n<meta property=\"og:description\" content=\"The DeSantis Legislature ignored skyrocketing rents, property insurance rates, and utility increases\u2014 costing us billions, for the benefit of their corporate donors and future political ambitions. Floridians deserve a government who cares for all of us. Join us.\" \/>\n<meta property=\"og:url\" content=\"https:\/\/www.stopcorporategreedfl.com\/ht\/take-action\/\" \/>\n<meta property=\"og:site_name\" content=\"Stop Corporate Greed In Florida\" \/>\n<meta property=\"article:modified_time\" content=\"2022-04-16T19:48:00+00:00\" \/>\n<meta property=\"og:image\" content=\"https:\/\/www.stopcorporategreedfl.com\/wp-content\/uploads\/2022\/04\/best-leg-social.jpg\" \/>\n\t<meta property=\"og:image:width\" content=\"1200\" \/>\n\t<meta property=\"og:image:height\" content=\"630\" \/>\n\t<meta property=\"og:image:type\" content=\"image\/jpeg\" \/>\n<meta name=\"twitter:card\" content=\"summary_large_image\" \/>\n<meta name=\"twitter:label1\" content=\"Est. reading time\" \/>\n\t<meta name=\"twitter:data1\" content=\"1 minute\" \/>\n<script type=\"application\/ld+json\" class=\"yoast-schema-graph\">{\"@context\":\"https:\/\/schema.org\",\"@graph\":[{\"@type\":\"WebPage\",\"@id\":\"https:\/\/www.stopcorporategreedfl.com\/ht\/take-action\/\",\"url\":\"https:\/\/www.stopcorporategreedfl.com\/ht\/take-action\/\",\"name\":\"Take Action - Stop Corporate Greed In Florida\",\"isPartOf\":{\"@id\":\"https:\/\/www.stopcorporategreedfl.com\/#website\"},\"datePublished\":\"2022-04-16T14:51:34+00:00\",\"dateModified\":\"2022-04-16T19:48:00+00:00\",\"breadcrumb\":{\"@id\":\"https:\/\/www.stopcorporategreedfl.com\/ht\/take-action\/#breadcrumb\"},\"inLanguage\":\"ht\",\"potentialAction\":[{\"@type\":\"ReadAction\",\"target\":[\"https:\/\/www.stopcorporategreedfl.com\/ht\/take-action\/\"]}]},{\"@type\":\"BreadcrumbList\",\"@id\":\"https:\/\/www.stopcorporategreedfl.com\/ht\/take-action\/#breadcrumb\",\"itemListElement\":[{\"@type\":\"ListItem\",\"position\":1,\"name\":\"Home\",\"item\":\"https:\/\/www.stopcorporategreedfl.com\/\"},{\"@type\":\"ListItem\",\"position\":2,\"name\":\"Take Action\"}]},{\"@type\":\"WebSite\",\"@id\":\"https:\/\/www.stopcorporategreedfl.com\/#website\",\"url\":\"https:\/\/www.stopcorporategreedfl.com\/\",\"name\":\"Stop Corporate Greed In Florida\",\"description\":\"\",\"publisher\":{\"@id\":\"https:\/\/www.stopcorporategreedfl.com\/#organization\"},\"potentialAction\":[{\"@type\":\"SearchAction\",\"target\":{\"@type\":\"EntryPoint\",\"urlTemplate\":\"https:\/\/www.stopcorporategreedfl.com\/?s={search_term_string}\"},\"query-input\":{\"@type\":\"PropertyValueSpecification\",\"valueRequired\":true,\"valueName\":\"search_term_string\"}}],\"inLanguage\":\"ht\"},{\"@type\":\"Organization\",\"@id\":\"https:\/\/www.stopcorporategreedfl.com\/#organization\",\"name\":\"Stop Corporate Greed In Florida\",\"url\":\"https:\/\/www.stopcorporategreedfl.com\/\",\"logo\":{\"@type\":\"ImageObject\",\"inLanguage\":\"ht\",\"@id\":\"https:\/\/www.stopcorporategreedfl.com\/#\/schema\/logo\/image\/\",\"url\":\"https:\/\/live-stop-corporate-greed-in-florida.pantheonsite.io\/wp-content\/uploads\/2022\/04\/best-leg-social.jpg\",\"contentUrl\":\"https:\/\/live-stop-corporate-greed-in-florida.pantheonsite.io\/wp-content\/uploads\/2022\/04\/best-leg-social.jpg\",\"width\":1200,\"height\":630,\"caption\":\"Stop Corporate Greed In Florida\"},\"image\":{\"@id\":\"https:\/\/www.stopcorporategreedfl.com\/#\/schema\/logo\/image\/\"}}]}<\/script>\n<!-- \/ Yoast SEO plugin. -->","yoast_head_json":{"title":"Take Action - Stop Corporate Greed In Florida","robots":{"index":"index","follow":"follow","max-snippet":"max-snippet:-1","max-image-preview":"max-image-preview:large","max-video-preview":"max-video-preview:-1"},"canonical":"https:\/\/www.stopcorporategreedfl.com\/ht\/take-action\/","og_locale":"ht_HT","og_type":"article","og_title":"Take Action - Stop Corporate Greed In Florida","og_description":"The DeSantis Legislature ignored skyrocketing rents, property insurance rates, and utility increases\u2014 costing us billions, for the benefit of their corporate donors and future political ambitions. Floridians deserve a government who cares for all of us. Join us.","og_url":"https:\/\/www.stopcorporategreedfl.com\/ht\/take-action\/","og_site_name":"Stop Corporate Greed In Florida","article_modified_time":"2022-04-16T19:48:00+00:00","og_image":[{"width":1200,"height":630,"url":"https:\/\/www.stopcorporategreedfl.com\/wp-content\/uploads\/2022\/04\/best-leg-social.jpg","type":"image\/jpeg"}],"twitter_card":"summary_large_image","twitter_misc":{"Est. reading time":"1 minute"},"schema":{"@context":"https:\/\/schema.org","@graph":[{"@type":"WebPage","@id":"https:\/\/www.stopcorporategreedfl.com\/ht\/take-action\/","url":"https:\/\/www.stopcorporategreedfl.com\/ht\/take-action\/","name":"Take Action - Stop Corporate Greed In Florida","isPartOf":{"@id":"https:\/\/www.stopcorporategreedfl.com\/#website"},"datePublished":"2022-04-16T14:51:34+00:00","dateModified":"2022-04-16T19:48:00+00:00","breadcrumb":{"@id":"https:\/\/www.stopcorporategreedfl.com\/ht\/take-action\/#breadcrumb"},"inLanguage":"ht","potentialAction":[{"@type":"ReadAction","target":["https:\/\/www.stopcorporategreedfl.com\/ht\/take-action\/"]}]},{"@type":"BreadcrumbList","@id":"https:\/\/www.stopcorporategreedfl.com\/ht\/take-action\/#breadcrumb","itemListElement":[{"@type":"ListItem","position":1,"name":"Home","item":"https:\/\/www.stopcorporategreedfl.com\/"},{"@type":"ListItem","position":2,"name":"Take Action"}]},{"@type":"WebSite","@id":"https:\/\/www.stopcorporategreedfl.com\/#website","url":"https:\/\/www.stopcorporategreedfl.com\/","name":"Sispann avidite antrepriz nan Florid","description":"","publisher":{"@id":"https:\/\/www.stopcorporategreedfl.com\/#organization"},"potentialAction":[{"@type":"SearchAction","target":{"@type":"EntryPoint","urlTemplate":"https:\/\/www.stopcorporategreedfl.com\/?s={search_term_string}"},"query-input":{"@type":"PropertyValueSpecification","valueRequired":true,"valueName":"search_term_string"}}],"inLanguage":"ht"},{"@type":"Organization","@id":"https:\/\/www.stopcorporategreedfl.com\/#organization","name":"Sispann avidite antrepriz nan Florid","url":"https:\/\/www.stopcorporategreedfl.com\/","logo":{"@type":"ImageObject","inLanguage":"ht","@id":"https:\/\/www.stopcorporategreedfl.com\/#\/schema\/logo\/image\/","url":"https:\/\/live-stop-corporate-greed-in-florida.pantheonsite.io\/wp-content\/uploads\/2022\/04\/best-leg-social.jpg","contentUrl":"https:\/\/live-stop-corporate-greed-in-florida.pantheonsite.io\/wp-content\/uploads\/2022\/04\/best-leg-social.jpg","width":1200,"height":630,"caption":"Stop Corporate Greed In Florida"},"image":{"@id":"https:\/\/www.stopcorporategreedfl.com\/#\/schema\/logo\/image\/"}}]}},"_links":{"self":[{"href":"https:\/\/www.stopcorporategreedfl.com\/ht\/wp-json\/wp\/v2\/pages\/271","targetHints":{"allow":["GET"]}}],"collection":[{"href":"https:\/\/www.stopcorporategreedfl.com\/ht\/wp-json\/wp\/v2\/pages"}],"about":[{"href":"https:\/\/www.stopcorporategreedfl.com\/ht\/wp-json\/wp\/v2\/types\/page"}],"author":[{"embeddable":true,"href":"https:\/\/www.stopcorporategreedfl.com\/ht\/wp-json\/wp\/v2\/users\/1"}],"replies":[{"embeddable":true,"href":"https:\/\/www.stopcorporategreedfl.com\/ht\/wp-json\/wp\/v2\/comments?post=271"}],"version-history":[{"count":19,"href":"https:\/\/www.stopcorporategreedfl.com\/ht\/wp-json\/wp\/v2\/pages\/271\/revisions"}],"predecessor-version":[{"id":344,"href":"https:\/\/www.stopcorporategreedfl.com\/ht\/wp-json\/wp\/v2\/pages\/271\/revisions\/344"}],"wp:attachment":[{"href":"https:\/\/www.stopcorporategreedfl.com\/ht\/wp-json\/wp\/v2\/media?parent=271"}],"wp:term":[{"taxonomy":"category","embeddable":true,"href":"https:\/\/www.stopcorporategreedfl.com\/ht\/wp-json\/wp\/v2\/categories?post=271"},{"taxonomy":"post_tag","embeddable":true,"href":"https:\/\/www.stopcorporategreedfl.com\/ht\/wp-json\/wp\/v2\/tags?post=271"}],"curies":[{"name":"wp","href":"https:\/\/api.w.org\/{rel}","templated":true}]}}