{"id":3292,"date":"2025-04-14T14:12:29","date_gmt":"2025-04-14T14:12:29","guid":{"rendered":"https:\/\/www.stopcorporategreedfl.com\/?page_id=3292"},"modified":"2025-04-14T23:30:23","modified_gmt":"2025-04-14T23:30:23","slug":"giveaways","status":"publish","type":"page","link":"https:\/\/www.stopcorporategreedfl.com\/es\/giveaways\/","title":{"rendered":"La Fiesta \u2013 Costo de los Regalos Corporativos 2025"},"content":{"rendered":"<div data-elementor-type=\"wp-page\" data-elementor-id=\"3292\" class=\"elementor elementor-3292\" data-elementor-post-type=\"page\">\n\t\t\t\t\t\t<section class=\"elementor-section elementor-top-section elementor-element elementor-element-5962cae elementor-section-boxed elementor-section-height-default elementor-section-height-default\" data-id=\"5962cae\" data-element_type=\"section\">\n\t\t\t\t\t\t<div class=\"elementor-container elementor-column-gap-default\">\n\t\t\t\t\t<div class=\"elementor-column elementor-col-100 elementor-top-column elementor-element elementor-element-c3e0024\" data-id=\"c3e0024\" data-element_type=\"column\">\n\t\t\t<div class=\"elementor-widget-wrap elementor-element-populated\">\n\t\t\t\t\t\t<div class=\"elementor-element elementor-element-b23f845 elementor-widget elementor-widget-heading\" data-id=\"b23f845\" data-element_type=\"widget\" data-widget_type=\"heading.default\">\n\t\t\t\t<div class=\"elementor-widget-container\">\n\t\t\t\t\t<h1 class=\"elementor-heading-title elementor-size-default\">La fiesta<\/h1>\t\t\t\t<\/div>\n\t\t\t\t<\/div>\n\t\t\t\t<div class=\"elementor-element elementor-element-34f8c48 elementor-widget elementor-widget-heading\" data-id=\"34f8c48\" data-element_type=\"widget\" data-widget_type=\"heading.default\">\n\t\t\t\t<div class=\"elementor-widget-container\">\n\t\t\t\t\t<h2 class=\"elementor-heading-title elementor-size-default\">Costo de los obsequios corporativos 2025<\/h2>\t\t\t\t<\/div>\n\t\t\t\t<\/div>\n\t\t\t\t\t<\/div>\n\t\t<\/div>\n\t\t\t\t\t<\/div>\n\t\t<\/section>\n\t\t\t\t<section class=\"elementor-section elementor-top-section elementor-element elementor-element-dedb6f4 elementor-section-stretched elementor-section-boxed elementor-section-height-default elementor-section-height-default\" data-id=\"dedb6f4\" data-element_type=\"section\" data-settings=\"{&quot;stretch_section&quot;:&quot;section-stretched&quot;,&quot;background_background&quot;:&quot;classic&quot;}\">\n\t\t\t\t\t\t\t<div class=\"elementor-background-overlay\"><\/div>\n\t\t\t\t\t\t\t<div class=\"elementor-container elementor-column-gap-default\">\n\t\t\t\t\t<div class=\"elementor-column elementor-col-50 elementor-top-column elementor-element elementor-element-30dec94\" data-id=\"30dec94\" data-element_type=\"column\">\n\t\t\t<div class=\"elementor-widget-wrap elementor-element-populated\">\n\t\t\t\t\t\t<div class=\"elementor-element elementor-element-5724b17 elementor-widget elementor-widget-heading\" data-id=\"5724b17\" data-element_type=\"widget\" data-widget_type=\"heading.default\">\n\t\t\t\t<div class=\"elementor-widget-container\">\n\t\t\t\t\t<h2 class=\"elementor-heading-title elementor-size-default\">\u00bfQui\u00e9n se est\u00e1 beneficiando de Florida... y qui\u00e9n paga la factura?<\/h2>\t\t\t\t<\/div>\n\t\t\t\t<\/div>\n\t\t\t\t<div class=\"elementor-element elementor-element-12ac28e elementor-align-left elementor-mobile-align-center elementor-widget elementor-widget-button\" data-id=\"12ac28e\" data-element_type=\"widget\" data-widget_type=\"button.default\">\n\t\t\t\t<div class=\"elementor-widget-container\">\n\t\t\t\t\t\t\t\t\t<div class=\"elementor-button-wrapper\">\n\t\t\t\t\t<a class=\"elementor-button elementor-button-link elementor-size-sm\" href=\"\/es\/giveaways-report\/\" target=\"_blank\">\n\t\t\t\t\t\t<span class=\"elementor-button-content-wrapper\">\n\t\t\t\t\t\t\t\t\t<span class=\"elementor-button-text\">Lea El Informe<\/span>\n\t\t\t\t\t<\/span>\n\t\t\t\t\t<\/a>\n\t\t\t\t<\/div>\n\t\t\t\t\t\t\t\t<\/div>\n\t\t\t\t<\/div>\n\t\t\t\t\t<\/div>\n\t\t<\/div>\n\t\t\t\t<div class=\"elementor-column elementor-col-50 elementor-top-column elementor-element elementor-element-c5886b0\" data-id=\"c5886b0\" data-element_type=\"column\">\n\t\t\t<div class=\"elementor-widget-wrap elementor-element-populated\">\n\t\t\t\t\t\t<div class=\"elementor-element elementor-element-cf74c43 elementor-widget elementor-widget-text-editor\" data-id=\"cf74c43\" data-element_type=\"widget\" data-widget_type=\"text-editor.default\">\n\t\t\t\t<div class=\"elementor-widget-container\">\n\t\t\t\t\t\t\t\t\t<p><span style=\"font-weight: 400;\">Las grandes corporaciones se atiborran de la econom\u00eda de Florida, llen\u00e1ndose los bolsillos con ganancias, devorando nuestros recursos y engullendo nuestra fuerza laboral como si fuera un buffet libre.<\/span><\/p>\t\t\t\t\t\t\t\t<\/div>\n\t\t\t\t<\/div>\n\t\t\t\t\t<\/div>\n\t\t<\/div>\n\t\t\t\t\t<\/div>\n\t\t<\/section>\n\t\t<div class=\"elementor-element elementor-element-1bc01d8 e-flex e-con-boxed e-con e-parent\" data-id=\"1bc01d8\" data-element_type=\"container\">\n\t\t\t\t\t<div class=\"e-con-inner\">\n\t\t\t\t<div class=\"elementor-element elementor-element-f6085c8 elementor-widget elementor-widget-text-editor\" data-id=\"f6085c8\" data-element_type=\"widget\" data-widget_type=\"text-editor.default\">\n\t\t\t\t<div class=\"elementor-widget-container\">\n\t\t\t\t\t\t\t\t\t<p><span style=\"font-weight: 400;\">Sin importar nuestra apariencia, de d\u00f3nde venimos o a qu\u00e9 nos dedicamos, los floridanos trabajamos arduamente para llevar comida a la mesa, cuidar a nuestros seres queridos y brindar un hogar digno a nuestras familias. Contribuimos a nuestras comunidades de muchas maneras, incluyendo el pago de impuestos para financiar las escuelas p\u00fablicas de nuestros vecindarios, la vivienda asequible, la atenci\u00f3n m\u00e9dica, el agua potable y la seguridad de nuestra gente. Pero mientras los floridanos comunes hacemos nuestra parte, los multimillonarios avariciosos y sus corporaciones multinacionales enga\u00f1an al sistema para evadir miles de millones en impuestos y privar a nuestras comunidades de los recursos esenciales que necesitamos para prosperar.\u00a0<\/span><\/p><p><span style=\"font-weight: 400;\">Esto se debe en gran medida al hecho de que los pol\u00edticos de Florida se niegan a adoptar una pol\u00edtica fiscal simple y de sentido com\u00fan llamada <\/span><b><i>informes combinados<\/i><\/b><span style=\"font-weight: 400;\">.\u00a0<\/span><\/p><p><span style=\"font-weight: 400;\">Durante la Sesi\u00f3n Legislativa de Florida de 2025, nuestros funcionarios electos debaten qui\u00e9nes deber\u00edan recibir exenciones fiscales y c\u00f3mo implementarlas. Independientemente del resultado de esta batalla, existe una soluci\u00f3n clara para el d\u00e9ficit presupuestario de Florida: eliminar las lagunas legales corporativas mediante la adopci\u00f3n definitiva de la declaraci\u00f3n conjunta y obligando a las multinacionales a pagar impuestos corporativos estatales sobre sus ganancias en Florida. Cuando las grandes corporaciones nos paguen lo que deben, todos podremos recibir la atenci\u00f3n, los servicios y el apoyo esenciales que nuestras familias merecen. <\/span><\/p>\t\t\t\t\t\t\t\t<\/div>\n\t\t\t\t<\/div>\n\t\t\t\t<div class=\"elementor-element elementor-element-d5b63a7 elementor-align-center elementor-widget elementor-widget-button\" data-id=\"d5b63a7\" data-element_type=\"widget\" data-widget_type=\"button.default\">\n\t\t\t\t<div class=\"elementor-widget-container\">\n\t\t\t\t\t\t\t\t\t<div class=\"elementor-button-wrapper\">\n\t\t\t\t\t<a class=\"elementor-button elementor-button-link elementor-size-lg\" href=\"\/es\/take-action\/\" target=\"_blank\">\n\t\t\t\t\t\t<span class=\"elementor-button-content-wrapper\">\n\t\t\t\t\t\t\t\t\t<span class=\"elementor-button-text\">tomar acci\u00f3n<\/span>\n\t\t\t\t\t<\/span>\n\t\t\t\t\t<\/a>\n\t\t\t\t<\/div>\n\t\t\t\t\t\t\t\t<\/div>\n\t\t\t\t<\/div>\n\t\t\t\t\t<\/div>\n\t\t\t\t<\/div>\n\t\t\t\t<\/div>","protected":false},"excerpt":{"rendered":"<p>El Costo Fest\u00edn de las Donaciones Corporativas 2025 \u00bfQui\u00e9n se est\u00e1 aprovechando de Florida\u2026 y qui\u00e9n est\u00e1 pagando la cuenta? Lea el Informe. Las grandes corporaciones se atiborran de la econom\u00eda de Florida: se llenan los bolsillos con ganancias, se comen nuestros recursos y se comen a nuestra fuerza laboral como si fuera un buf\u00e9 libre. No importa nuestra apariencia, de d\u00f3nde venimos o [\u2026]<\/p>","protected":false},"author":1,"featured_media":0,"parent":0,"menu_order":0,"comment_status":"closed","ping_status":"closed","template":"","meta":{"footnotes":""},"categories":[],"tags":[],"class_list":["post-3292","page","type-page","status-publish","hentry"],"yoast_head":"<!-- This site is optimized with the Yoast SEO plugin v26.1.1 - https:\/\/yoast.com\/wordpress\/plugins\/seo\/ -->\n<title>The Feast - Cost Of Corporate Giveaways 2025 - Stop Corporate Greed In Florida<\/title>\n<meta name=\"robots\" content=\"index, follow, max-snippet:-1, max-image-preview:large, max-video-preview:-1\" \/>\n<link rel=\"canonical\" href=\"https:\/\/www.stopcorporategreedfl.com\/es\/giveaways\/\" \/>\n<meta property=\"og:locale\" content=\"es_MX\" \/>\n<meta property=\"og:type\" content=\"article\" \/>\n<meta property=\"og:title\" content=\"The Feast - Cost Of Corporate Giveaways 2025 - Stop Corporate Greed In Florida\" \/>\n<meta property=\"og:description\" content=\"The Feast Cost of Corporate Giveaways 2025 Who&#8217;s feasting on Florida &#8230;and who&#8217;s footing the Bill Read The Report Big corporations gorge themselves on Florida\u2019s economy\u2014stuffing their pockets with profits, chewing through our resources, and guzzling up our workforce like it\u2019s an all-you-can-eat buffet. No matter what we look like, where we come from, or [&hellip;]\" \/>\n<meta property=\"og:url\" content=\"https:\/\/www.stopcorporategreedfl.com\/es\/giveaways\/\" \/>\n<meta property=\"og:site_name\" content=\"Stop Corporate Greed In Florida\" \/>\n<meta property=\"article:modified_time\" content=\"2025-04-14T23:30:23+00:00\" \/>\n<meta property=\"og:image\" content=\"https:\/\/www.stopcorporategreedfl.com\/wp-content\/uploads\/2022\/04\/best-leg-social.jpg\" \/>\n\t<meta property=\"og:image:width\" content=\"1200\" \/>\n\t<meta property=\"og:image:height\" content=\"630\" \/>\n\t<meta property=\"og:image:type\" content=\"image\/jpeg\" \/>\n<meta name=\"twitter:card\" content=\"summary_large_image\" \/>\n<meta name=\"twitter:label1\" content=\"Tiempo de lectura\" \/>\n\t<meta name=\"twitter:data1\" content=\"2 minutos\" \/>\n<script type=\"application\/ld+json\" class=\"yoast-schema-graph\">{\"@context\":\"https:\/\/schema.org\",\"@graph\":[{\"@type\":\"WebPage\",\"@id\":\"https:\/\/www.stopcorporategreedfl.com\/giveaways\/\",\"url\":\"https:\/\/www.stopcorporategreedfl.com\/giveaways\/\",\"name\":\"The Feast - Cost Of Corporate Giveaways 2025 - Stop Corporate Greed In Florida\",\"isPartOf\":{\"@id\":\"https:\/\/www.stopcorporategreedfl.com\/#website\"},\"datePublished\":\"2025-04-14T14:12:29+00:00\",\"dateModified\":\"2025-04-14T23:30:23+00:00\",\"breadcrumb\":{\"@id\":\"https:\/\/www.stopcorporategreedfl.com\/giveaways\/#breadcrumb\"},\"inLanguage\":\"es\",\"potentialAction\":[{\"@type\":\"ReadAction\",\"target\":[\"https:\/\/www.stopcorporategreedfl.com\/giveaways\/\"]}]},{\"@type\":\"BreadcrumbList\",\"@id\":\"https:\/\/www.stopcorporategreedfl.com\/giveaways\/#breadcrumb\",\"itemListElement\":[{\"@type\":\"ListItem\",\"position\":1,\"name\":\"Home\",\"item\":\"https:\/\/www.stopcorporategreedfl.com\/\"},{\"@type\":\"ListItem\",\"position\":2,\"name\":\"The Feast &#8211; Cost Of Corporate Giveaways 2025\"}]},{\"@type\":\"WebSite\",\"@id\":\"https:\/\/www.stopcorporategreedfl.com\/#website\",\"url\":\"https:\/\/www.stopcorporategreedfl.com\/\",\"name\":\"Stop Corporate Greed In Florida\",\"description\":\"\",\"publisher\":{\"@id\":\"https:\/\/www.stopcorporategreedfl.com\/#organization\"},\"potentialAction\":[{\"@type\":\"SearchAction\",\"target\":{\"@type\":\"EntryPoint\",\"urlTemplate\":\"https:\/\/www.stopcorporategreedfl.com\/?s={search_term_string}\"},\"query-input\":{\"@type\":\"PropertyValueSpecification\",\"valueRequired\":true,\"valueName\":\"search_term_string\"}}],\"inLanguage\":\"es\"},{\"@type\":\"Organization\",\"@id\":\"https:\/\/www.stopcorporategreedfl.com\/#organization\",\"name\":\"Stop Corporate Greed In Florida\",\"url\":\"https:\/\/www.stopcorporategreedfl.com\/\",\"logo\":{\"@type\":\"ImageObject\",\"inLanguage\":\"es\",\"@id\":\"https:\/\/www.stopcorporategreedfl.com\/#\/schema\/logo\/image\/\",\"url\":\"https:\/\/live-stop-corporate-greed-in-florida.pantheonsite.io\/wp-content\/uploads\/2022\/04\/best-leg-social.jpg\",\"contentUrl\":\"https:\/\/live-stop-corporate-greed-in-florida.pantheonsite.io\/wp-content\/uploads\/2022\/04\/best-leg-social.jpg\",\"width\":1200,\"height\":630,\"caption\":\"Stop Corporate Greed In Florida\"},\"image\":{\"@id\":\"https:\/\/www.stopcorporategreedfl.com\/#\/schema\/logo\/image\/\"}}]}<\/script>\n<!-- \/ Yoast SEO plugin. -->","yoast_head_json":{"title":"The Feast - Cost Of Corporate Giveaways 2025 - Stop Corporate Greed In Florida","robots":{"index":"index","follow":"follow","max-snippet":"max-snippet:-1","max-image-preview":"max-image-preview:large","max-video-preview":"max-video-preview:-1"},"canonical":"https:\/\/www.stopcorporategreedfl.com\/es\/giveaways\/","og_locale":"es_MX","og_type":"article","og_title":"The Feast - Cost Of Corporate Giveaways 2025 - Stop Corporate Greed In Florida","og_description":"The Feast Cost of Corporate Giveaways 2025 Who&#8217;s feasting on Florida &#8230;and who&#8217;s footing the Bill Read The Report Big corporations gorge themselves on Florida\u2019s economy\u2014stuffing their pockets with profits, chewing through our resources, and guzzling up our workforce like it\u2019s an all-you-can-eat buffet. No matter what we look like, where we come from, or [&hellip;]","og_url":"https:\/\/www.stopcorporategreedfl.com\/es\/giveaways\/","og_site_name":"Stop Corporate Greed In Florida","article_modified_time":"2025-04-14T23:30:23+00:00","og_image":[{"width":1200,"height":630,"url":"https:\/\/www.stopcorporategreedfl.com\/wp-content\/uploads\/2022\/04\/best-leg-social.jpg","type":"image\/jpeg"}],"twitter_card":"summary_large_image","twitter_misc":{"Tiempo de lectura":"2 minutos"},"schema":{"@context":"https:\/\/schema.org","@graph":[{"@type":"WebPage","@id":"https:\/\/www.stopcorporategreedfl.com\/giveaways\/","url":"https:\/\/www.stopcorporategreedfl.com\/giveaways\/","name":"The Feast - Cost Of Corporate Giveaways 2025 - Stop Corporate Greed In Florida","isPartOf":{"@id":"https:\/\/www.stopcorporategreedfl.com\/#website"},"datePublished":"2025-04-14T14:12:29+00:00","dateModified":"2025-04-14T23:30:23+00:00","breadcrumb":{"@id":"https:\/\/www.stopcorporategreedfl.com\/giveaways\/#breadcrumb"},"inLanguage":"es","potentialAction":[{"@type":"ReadAction","target":["https:\/\/www.stopcorporategreedfl.com\/giveaways\/"]}]},{"@type":"BreadcrumbList","@id":"https:\/\/www.stopcorporategreedfl.com\/giveaways\/#breadcrumb","itemListElement":[{"@type":"ListItem","position":1,"name":"Home","item":"https:\/\/www.stopcorporategreedfl.com\/"},{"@type":"ListItem","position":2,"name":"The Feast &#8211; Cost Of Corporate Giveaways 2025"}]},{"@type":"WebSite","@id":"https:\/\/www.stopcorporategreedfl.com\/#website","url":"https:\/\/www.stopcorporategreedfl.com\/","name":"Detener la avaricia corporativa en Florida","description":"","publisher":{"@id":"https:\/\/www.stopcorporategreedfl.com\/#organization"},"potentialAction":[{"@type":"SearchAction","target":{"@type":"EntryPoint","urlTemplate":"https:\/\/www.stopcorporategreedfl.com\/?s={search_term_string}"},"query-input":{"@type":"PropertyValueSpecification","valueRequired":true,"valueName":"search_term_string"}}],"inLanguage":"es"},{"@type":"Organization","@id":"https:\/\/www.stopcorporategreedfl.com\/#organization","name":"Detener la avaricia corporativa en Florida","url":"https:\/\/www.stopcorporategreedfl.com\/","logo":{"@type":"ImageObject","inLanguage":"es","@id":"https:\/\/www.stopcorporategreedfl.com\/#\/schema\/logo\/image\/","url":"https:\/\/live-stop-corporate-greed-in-florida.pantheonsite.io\/wp-content\/uploads\/2022\/04\/best-leg-social.jpg","contentUrl":"https:\/\/live-stop-corporate-greed-in-florida.pantheonsite.io\/wp-content\/uploads\/2022\/04\/best-leg-social.jpg","width":1200,"height":630,"caption":"Stop Corporate Greed In Florida"},"image":{"@id":"https:\/\/www.stopcorporategreedfl.com\/#\/schema\/logo\/image\/"}}]}},"_links":{"self":[{"href":"https:\/\/www.stopcorporategreedfl.com\/es\/wp-json\/wp\/v2\/pages\/3292","targetHints":{"allow":["GET"]}}],"collection":[{"href":"https:\/\/www.stopcorporategreedfl.com\/es\/wp-json\/wp\/v2\/pages"}],"about":[{"href":"https:\/\/www.stopcorporategreedfl.com\/es\/wp-json\/wp\/v2\/types\/page"}],"author":[{"embeddable":true,"href":"https:\/\/www.stopcorporategreedfl.com\/es\/wp-json\/wp\/v2\/users\/1"}],"replies":[{"embeddable":true,"href":"https:\/\/www.stopcorporategreedfl.com\/es\/wp-json\/wp\/v2\/comments?post=3292"}],"version-history":[{"count":25,"href":"https:\/\/www.stopcorporategreedfl.com\/es\/wp-json\/wp\/v2\/pages\/3292\/revisions"}],"predecessor-version":[{"id":3367,"href":"https:\/\/www.stopcorporategreedfl.com\/es\/wp-json\/wp\/v2\/pages\/3292\/revisions\/3367"}],"wp:attachment":[{"href":"https:\/\/www.stopcorporategreedfl.com\/es\/wp-json\/wp\/v2\/media?parent=3292"}],"wp:term":[{"taxonomy":"category","embeddable":true,"href":"https:\/\/www.stopcorporategreedfl.com\/es\/wp-json\/wp\/v2\/categories?post=3292"},{"taxonomy":"post_tag","embeddable":true,"href":"https:\/\/www.stopcorporategreedfl.com\/es\/wp-json\/wp\/v2\/tags?post=3292"}],"curies":[{"name":"wp","href":"https:\/\/api.w.org\/{rel}","templated":true}]}}